{"id":24497,"date":"2013-05-12T16:04:16","date_gmt":"2013-05-12T15:04:16","guid":{"rendered":"https:\/\/mountainxtra.com\/?page_id=24497"},"modified":"2021-01-19T11:27:10","modified_gmt":"2021-01-19T11:27:10","slug":"home","status":"publish","type":"page","link":"https:\/\/mountainxtra.com\/fr\/","title":{"rendered":"Home"},"content":{"rendered":"","protected":false},"excerpt":{"rendered":"","protected":false},"author":2,"featured_media":0,"parent":0,"menu_order":0,"comment_status":"closed","ping_status":"closed","template":"","meta":{"_acf_changed":false,"footnotes":""},"categories":[],"class_list":["post-24497","page","type-page","status-publish","hentry"],"acf":[],"yoast_head":"<!-- This site is optimized with the Yoast SEO plugin v24.5 - https:\/\/yoast.com\/wordpress\/plugins\/seo\/ -->\n<title>Chalet et appartements ind\u00e9pendants \u00e0 morzine - MountainXtra<\/title>\n<meta name=\"description\" content=\"Location de chalets et appartements de vacances \u00e0 Morzine et Les Gets, Portes du Soleil, France. Ski d&#039;hiver et VTT d&#039;\u00e9t\u00e9.\" \/>\n<meta name=\"robots\" content=\"index, follow, max-snippet:-1, max-image-preview:large, max-video-preview:-1\" \/>\n<link rel=\"canonical\" href=\"https:\/\/mountainxtra.com\/fr\/\" \/>\n<meta property=\"og:locale\" content=\"fr_FR\" \/>\n<meta property=\"og:type\" content=\"article\" \/>\n<meta property=\"og:title\" content=\"Chalet et appartements ind\u00e9pendants \u00e0 morzine - MountainXtra\" \/>\n<meta property=\"og:description\" content=\"Location de chalets et appartements de vacances \u00e0 Morzine et Les Gets, Portes du Soleil, France. Ski d&#039;hiver et VTT d&#039;\u00e9t\u00e9.\" \/>\n<meta property=\"og:url\" content=\"https:\/\/mountainxtra.com\/fr\/\" \/>\n<meta property=\"og:site_name\" content=\"MountainXtra\" \/>\n<meta property=\"article:publisher\" content=\"https:\/\/www.facebook.com\/mountainxtra\/\" \/>\n<meta property=\"article:modified_time\" content=\"2021-01-19T11:27:10+00:00\" \/>\n<meta name=\"twitter:card\" content=\"summary_large_image\" \/>\n<script type=\"application\/ld+json\" class=\"yoast-schema-graph\">{\"@context\":\"https:\/\/schema.org\",\"@graph\":[{\"@type\":\"WebPage\",\"@id\":\"https:\/\/mountainxtra.com\/fr\/\",\"url\":\"https:\/\/mountainxtra.com\/fr\/\",\"name\":\"Chalet et appartements ind\u00e9pendants \u00e0 morzine - MountainXtra\",\"isPartOf\":{\"@id\":\"https:\/\/mountainxtra.com\/#website\"},\"datePublished\":\"2013-05-12T15:04:16+00:00\",\"dateModified\":\"2021-01-19T11:27:10+00:00\",\"description\":\"Location de chalets et appartements de vacances \u00e0 Morzine et Les Gets, Portes du Soleil, France. Ski d'hiver et VTT d'\u00e9t\u00e9.\",\"breadcrumb\":{\"@id\":\"https:\/\/mountainxtra.com\/fr\/#breadcrumb\"},\"inLanguage\":\"fr-FR\",\"potentialAction\":[{\"@type\":\"ReadAction\",\"target\":[\"https:\/\/mountainxtra.com\/fr\/\"]}]},{\"@type\":\"BreadcrumbList\",\"@id\":\"https:\/\/mountainxtra.com\/fr\/#breadcrumb\",\"itemListElement\":[{\"@type\":\"ListItem\",\"position\":1,\"name\":\"Home\",\"item\":\"https:\/\/mountainxtra.com\/fr\/\"},{\"@type\":\"ListItem\",\"position\":2,\"name\":\"Home\"}]},{\"@type\":\"WebSite\",\"@id\":\"https:\/\/mountainxtra.com\/#website\",\"url\":\"https:\/\/mountainxtra.com\/\",\"name\":\"MountainXtra\",\"description\":\"\",\"potentialAction\":[{\"@type\":\"SearchAction\",\"target\":{\"@type\":\"EntryPoint\",\"urlTemplate\":\"https:\/\/mountainxtra.com\/?s={search_term_string}\"},\"query-input\":{\"@type\":\"PropertyValueSpecification\",\"valueRequired\":true,\"valueName\":\"search_term_string\"}}],\"inLanguage\":\"fr-FR\"}]}<\/script>\n<!-- \/ Yoast SEO plugin. -->","yoast_head_json":{"title":"Chalet et appartements ind\u00e9pendants \u00e0 morzine - MountainXtra","description":"Location de chalets et appartements de vacances \u00e0 Morzine et Les Gets, Portes du Soleil, France. Ski d'hiver et VTT d'\u00e9t\u00e9.","robots":{"index":"index","follow":"follow","max-snippet":"max-snippet:-1","max-image-preview":"max-image-preview:large","max-video-preview":"max-video-preview:-1"},"canonical":"https:\/\/mountainxtra.com\/fr\/","og_locale":"fr_FR","og_type":"article","og_title":"Chalet et appartements ind\u00e9pendants \u00e0 morzine - MountainXtra","og_description":"Location de chalets et appartements de vacances \u00e0 Morzine et Les Gets, Portes du Soleil, France. Ski d'hiver et VTT d'\u00e9t\u00e9.","og_url":"https:\/\/mountainxtra.com\/fr\/","og_site_name":"MountainXtra","article_publisher":"https:\/\/www.facebook.com\/mountainxtra\/","article_modified_time":"2021-01-19T11:27:10+00:00","twitter_card":"summary_large_image","schema":{"@context":"https:\/\/schema.org","@graph":[{"@type":"WebPage","@id":"https:\/\/mountainxtra.com\/fr\/","url":"https:\/\/mountainxtra.com\/fr\/","name":"Chalet et appartements ind\u00e9pendants \u00e0 morzine - MountainXtra","isPartOf":{"@id":"https:\/\/mountainxtra.com\/#website"},"datePublished":"2013-05-12T15:04:16+00:00","dateModified":"2021-01-19T11:27:10+00:00","description":"Location de chalets et appartements de vacances \u00e0 Morzine et Les Gets, Portes du Soleil, France. Ski d'hiver et VTT d'\u00e9t\u00e9.","breadcrumb":{"@id":"https:\/\/mountainxtra.com\/fr\/#breadcrumb"},"inLanguage":"fr-FR","potentialAction":[{"@type":"ReadAction","target":["https:\/\/mountainxtra.com\/fr\/"]}]},{"@type":"BreadcrumbList","@id":"https:\/\/mountainxtra.com\/fr\/#breadcrumb","itemListElement":[{"@type":"ListItem","position":1,"name":"Home","item":"https:\/\/mountainxtra.com\/fr\/"},{"@type":"ListItem","position":2,"name":"Home"}]},{"@type":"WebSite","@id":"https:\/\/mountainxtra.com\/#website","url":"https:\/\/mountainxtra.com\/","name":"MountainXtra","description":"","potentialAction":[{"@type":"SearchAction","target":{"@type":"EntryPoint","urlTemplate":"https:\/\/mountainxtra.com\/?s={search_term_string}"},"query-input":{"@type":"PropertyValueSpecification","valueRequired":true,"valueName":"search_term_string"}}],"inLanguage":"fr-FR"}]}},"_links":{"self":[{"href":"https:\/\/mountainxtra.com\/fr\/wp-json\/wp\/v2\/pages\/24497","targetHints":{"allow":["GET"]}}],"collection":[{"href":"https:\/\/mountainxtra.com\/fr\/wp-json\/wp\/v2\/pages"}],"about":[{"href":"https:\/\/mountainxtra.com\/fr\/wp-json\/wp\/v2\/types\/page"}],"author":[{"embeddable":true,"href":"https:\/\/mountainxtra.com\/fr\/wp-json\/wp\/v2\/users\/2"}],"replies":[{"embeddable":true,"href":"https:\/\/mountainxtra.com\/fr\/wp-json\/wp\/v2\/comments?post=24497"}],"version-history":[{"count":1,"href":"https:\/\/mountainxtra.com\/fr\/wp-json\/wp\/v2\/pages\/24497\/revisions"}],"predecessor-version":[{"id":24498,"href":"https:\/\/mountainxtra.com\/fr\/wp-json\/wp\/v2\/pages\/24497\/revisions\/24498"}],"wp:attachment":[{"href":"https:\/\/mountainxtra.com\/fr\/wp-json\/wp\/v2\/media?parent=24497"}],"wp:term":[{"taxonomy":"category","embeddable":true,"href":"https:\/\/mountainxtra.com\/fr\/wp-json\/wp\/v2\/categories?post=24497"}],"curies":[{"name":"wp","href":"https:\/\/api.w.org\/{rel}","templated":true}]}}