{"id":24305,"date":"2019-12-09T15:40:49","date_gmt":"2019-12-09T15:40:49","guid":{"rendered":"https:\/\/mountainxtra.com\/?page_id=24305"},"modified":"2021-01-08T08:10:00","modified_gmt":"2021-01-08T08:10:00","slug":"vacances-dhiver-a-morzine","status":"publish","type":"page","link":"https:\/\/mountainxtra.com\/fr\/vacances-dhiver-a-morzine\/","title":{"rendered":"Vacances d&rsquo;hiver \u00e0 Morzine"},"content":{"rendered":"<p>Les Portes du Soleil comptent plus de 600 km de ski avec 351 pistes balis\u00e9es et 238 remont\u00e9es m\u00e9caniques \u00e0 travers la France et la Suisse. NOUVEAU pour les saisons 2019\/20, 7 pistes de plus, 2 remont\u00e9es rapides et un autre snowpark &#8211; ce qui en fait l&rsquo;un des plus grands domaines skiables internationaux au monde!<\/p>\n<p>ET il y a le hors-piste (aka backcountry) et la piste-sauvage (le peu entre les pistes). Ok, nous avons invent\u00e9 la partie sauvage, mais c&rsquo;est totalement une chose et la terminologie est d\u00e9j\u00e0 en train de se r\u00e9pandre. Comme toutes les activit\u00e9s tertiaires &#8230;<\/p>\n<p>Ski: alpin, descente, mont\u00e9e (!), T\u00e9l\u00e9mark &#8230; Prendre une demi-journ\u00e9e de cours ou un guide car la technique est infinie &#8230; vous pourriez essayer la boucle PDS mais il y a beaucoup de remont\u00e9es m\u00e9caniques \u00e0 affronter. Idem pour le mur suisse et les bosses. Surveillez r\u00e9guli\u00e8rement les courses DH \u00e9clair\u00e9es le soir.<br \/>\nSnowboard: \u00e0 quoi servent les journ\u00e9es de poudreuse. Dirigez-vous vers The Stash (ou The Little Stash), garez-le \u00e0 Chapelle, Avoriaz ou essayez EaglePark, Morzine (nouveau pour 19\/20). Regardez les pros lors d&rsquo;\u00e9v\u00e9nements de demi-lune &#8211; m\u00eame Jenny Jones prend le bus avec nous, simples mortels!<br \/>\nRando: observez votre forme physique monter en fl\u00e8che pendant que vous skin up, jappez et glissez en altitude ou partez pour une v\u00e9ritable marche hivernale<br \/>\nSki de Fond: classique ou skate, les chaussures sont confortables dans les deux cas.<br \/>\nParapente: accrochez-vous \u00e0 votre moniteur biplace pendant que vous admirez le Mont Blanc!<br \/>\nRaquettes \u00e0 neige: admirez le paysage \u00e0 un rythme plus lent, suivez des itin\u00e9raires balis\u00e9s ou engagez un guide pour explorer l&rsquo;arri\u00e8re-pays<br \/>\nLuge aux flambeaux: les courses nocturnes aux torches sont incroyables<br \/>\nHusky Sledging: si jolies pattes<br \/>\nPatinage sur glace: patinoires ext\u00e9rieures et int\u00e9rieures<br \/>\nHockey sur glace: matchs tous les samedis soirs &#8211; assurez-vous de vous asseoir du c\u00f4t\u00e9 des Pingouins de la ville natale!<br \/>\nBaignade: piste, d\u00e9contract\u00e9e ou enfants, ou ski \u00e0 Aquariaz o\u00f9 il y a m\u00eame une rivi\u00e8re artificielle et un jacuzzi ext\u00e9rieur!<br \/>\nSpas: d\u00e9tendez-vous dans l&rsquo;un de nos saunas \/ bains \u00e0 remous ou faites du Wim Hoffing dans la neige. Il y a aussi un super spa \u00e0 l&rsquo;h\u00f4tel Samoy\u00e8de.<br \/>\nYoga: 121 cours dans votre chalet ou assistez \u00e0 un cours \u00e0 tout moment de la semaine<br \/>\nMassage: mobile ou en maison, essayez un massage su\u00e9dois complet du corps ou un massage ayurv\u00e9dique indien de la t\u00eate pour d\u00e9gager les sinus<br \/>\nFestivals de musique: Rock the Pistes ou Snowboxx (mars)<br \/>\nChoisissez votre semaine, r\u00e9servez un chalet et des Xtras. Passez les vacances de neige de votre vie!<\/p>\n","protected":false},"excerpt":{"rendered":"Les Portes du Soleil comptent plus de 600 km de ski avec 351 pistes balis\u00e9es et 238 remont\u00e9es m\u00e9caniques \u00e0 travers la France et la Suisse. NOUVEAU pour les saisons 2019\/20, 7 pistes de plus, 2 remont\u00e9es rapides et un autre snowpark &#8211; ce qui en fait l&rsquo;un des plus grands domaines skiables internationaux au&#8230;","protected":false},"author":2,"featured_media":22489,"parent":0,"menu_order":0,"comment_status":"closed","ping_status":"closed","template":"template-summer-winter.php","meta":{"_acf_changed":false,"footnotes":""},"categories":[],"class_list":["post-24305","page","type-page","status-publish","has-post-thumbnail","hentry"],"acf":[],"yoast_head":"<!-- This site is optimized with the Yoast SEO plugin v24.5 - https:\/\/yoast.com\/wordpress\/plugins\/seo\/ -->\n<title>Vacances d&#039;hiver \u00e0 Morzine - MountainXtra<\/title>\n<meta name=\"robots\" content=\"index, follow, max-snippet:-1, max-image-preview:large, max-video-preview:-1\" \/>\n<link rel=\"canonical\" href=\"https:\/\/mountainxtra.com\/fr\/vacances-dhiver-a-morzine\/\" \/>\n<meta property=\"og:locale\" content=\"fr_FR\" \/>\n<meta property=\"og:type\" content=\"article\" \/>\n<meta property=\"og:title\" content=\"Vacances d&#039;hiver \u00e0 Morzine - MountainXtra\" \/>\n<meta property=\"og:description\" content=\"Les Portes du Soleil comptent plus de 600 km de ski avec 351 pistes balis\u00e9es et 238 remont\u00e9es m\u00e9caniques \u00e0 travers la France et la Suisse. NOUVEAU pour les saisons 2019\/20, 7 pistes de plus, 2 remont\u00e9es rapides et un autre snowpark &#8211; ce qui en fait l&rsquo;un des plus grands domaines skiables internationaux au...\" \/>\n<meta property=\"og:url\" content=\"https:\/\/mountainxtra.com\/fr\/vacances-dhiver-a-morzine\/\" \/>\n<meta property=\"og:site_name\" content=\"MountainXtra\" \/>\n<meta property=\"article:publisher\" content=\"https:\/\/www.facebook.com\/mountainxtra\/\" \/>\n<meta property=\"article:modified_time\" content=\"2021-01-08T08:10:00+00:00\" \/>\n<meta property=\"og:image\" content=\"https:\/\/mountainxtra.com\/wp-content\/uploads\/2019\/12\/groomed_piste2.jpg\" \/>\n\t<meta property=\"og:image:width\" content=\"1697\" \/>\n\t<meta property=\"og:image:height\" content=\"815\" \/>\n\t<meta property=\"og:image:type\" content=\"image\/jpeg\" \/>\n<meta name=\"twitter:card\" content=\"summary_large_image\" \/>\n<meta name=\"twitter:label1\" content=\"Dur\u00e9e de lecture estim\u00e9e\" \/>\n\t<meta name=\"twitter:data1\" content=\"2 minutes\" \/>\n<script type=\"application\/ld+json\" class=\"yoast-schema-graph\">{\"@context\":\"https:\/\/schema.org\",\"@graph\":[{\"@type\":\"WebPage\",\"@id\":\"https:\/\/mountainxtra.com\/fr\/vacances-dhiver-a-morzine\/\",\"url\":\"https:\/\/mountainxtra.com\/fr\/vacances-dhiver-a-morzine\/\",\"name\":\"Vacances d'hiver \u00e0 Morzine - MountainXtra\",\"isPartOf\":{\"@id\":\"https:\/\/mountainxtra.com\/#website\"},\"primaryImageOfPage\":{\"@id\":\"https:\/\/mountainxtra.com\/fr\/vacances-dhiver-a-morzine\/#primaryimage\"},\"image\":{\"@id\":\"https:\/\/mountainxtra.com\/fr\/vacances-dhiver-a-morzine\/#primaryimage\"},\"thumbnailUrl\":\"https:\/\/mountainxtra.com\/wp-content\/uploads\/2019\/12\/groomed_piste2.jpg\",\"datePublished\":\"2019-12-09T15:40:49+00:00\",\"dateModified\":\"2021-01-08T08:10:00+00:00\",\"breadcrumb\":{\"@id\":\"https:\/\/mountainxtra.com\/fr\/vacances-dhiver-a-morzine\/#breadcrumb\"},\"inLanguage\":\"fr-FR\",\"potentialAction\":[{\"@type\":\"ReadAction\",\"target\":[\"https:\/\/mountainxtra.com\/fr\/vacances-dhiver-a-morzine\/\"]}]},{\"@type\":\"ImageObject\",\"inLanguage\":\"fr-FR\",\"@id\":\"https:\/\/mountainxtra.com\/fr\/vacances-dhiver-a-morzine\/#primaryimage\",\"url\":\"https:\/\/mountainxtra.com\/wp-content\/uploads\/2019\/12\/groomed_piste2.jpg\",\"contentUrl\":\"https:\/\/mountainxtra.com\/wp-content\/uploads\/2019\/12\/groomed_piste2.jpg\",\"width\":1697,\"height\":815,\"caption\":\"Love Morzine \/ Les Gets\"},{\"@type\":\"BreadcrumbList\",\"@id\":\"https:\/\/mountainxtra.com\/fr\/vacances-dhiver-a-morzine\/#breadcrumb\",\"itemListElement\":[{\"@type\":\"ListItem\",\"position\":1,\"name\":\"Home\",\"item\":\"https:\/\/mountainxtra.com\/fr\/\"},{\"@type\":\"ListItem\",\"position\":2,\"name\":\"Vacances d&#8217;hiver \u00e0 Morzine\"}]},{\"@type\":\"WebSite\",\"@id\":\"https:\/\/mountainxtra.com\/#website\",\"url\":\"https:\/\/mountainxtra.com\/\",\"name\":\"MountainXtra\",\"description\":\"\",\"potentialAction\":[{\"@type\":\"SearchAction\",\"target\":{\"@type\":\"EntryPoint\",\"urlTemplate\":\"https:\/\/mountainxtra.com\/?s={search_term_string}\"},\"query-input\":{\"@type\":\"PropertyValueSpecification\",\"valueRequired\":true,\"valueName\":\"search_term_string\"}}],\"inLanguage\":\"fr-FR\"}]}<\/script>\n<!-- \/ Yoast SEO plugin. -->","yoast_head_json":{"title":"Vacances d'hiver \u00e0 Morzine - MountainXtra","robots":{"index":"index","follow":"follow","max-snippet":"max-snippet:-1","max-image-preview":"max-image-preview:large","max-video-preview":"max-video-preview:-1"},"canonical":"https:\/\/mountainxtra.com\/fr\/vacances-dhiver-a-morzine\/","og_locale":"fr_FR","og_type":"article","og_title":"Vacances d'hiver \u00e0 Morzine - MountainXtra","og_description":"Les Portes du Soleil comptent plus de 600 km de ski avec 351 pistes balis\u00e9es et 238 remont\u00e9es m\u00e9caniques \u00e0 travers la France et la Suisse. NOUVEAU pour les saisons 2019\/20, 7 pistes de plus, 2 remont\u00e9es rapides et un autre snowpark &#8211; ce qui en fait l&rsquo;un des plus grands domaines skiables internationaux au...","og_url":"https:\/\/mountainxtra.com\/fr\/vacances-dhiver-a-morzine\/","og_site_name":"MountainXtra","article_publisher":"https:\/\/www.facebook.com\/mountainxtra\/","article_modified_time":"2021-01-08T08:10:00+00:00","og_image":[{"width":1697,"height":815,"url":"https:\/\/mountainxtra.com\/wp-content\/uploads\/2019\/12\/groomed_piste2.jpg","type":"image\/jpeg"}],"twitter_card":"summary_large_image","twitter_misc":{"Dur\u00e9e de lecture estim\u00e9e":"2 minutes"},"schema":{"@context":"https:\/\/schema.org","@graph":[{"@type":"WebPage","@id":"https:\/\/mountainxtra.com\/fr\/vacances-dhiver-a-morzine\/","url":"https:\/\/mountainxtra.com\/fr\/vacances-dhiver-a-morzine\/","name":"Vacances d'hiver \u00e0 Morzine - MountainXtra","isPartOf":{"@id":"https:\/\/mountainxtra.com\/#website"},"primaryImageOfPage":{"@id":"https:\/\/mountainxtra.com\/fr\/vacances-dhiver-a-morzine\/#primaryimage"},"image":{"@id":"https:\/\/mountainxtra.com\/fr\/vacances-dhiver-a-morzine\/#primaryimage"},"thumbnailUrl":"https:\/\/mountainxtra.com\/wp-content\/uploads\/2019\/12\/groomed_piste2.jpg","datePublished":"2019-12-09T15:40:49+00:00","dateModified":"2021-01-08T08:10:00+00:00","breadcrumb":{"@id":"https:\/\/mountainxtra.com\/fr\/vacances-dhiver-a-morzine\/#breadcrumb"},"inLanguage":"fr-FR","potentialAction":[{"@type":"ReadAction","target":["https:\/\/mountainxtra.com\/fr\/vacances-dhiver-a-morzine\/"]}]},{"@type":"ImageObject","inLanguage":"fr-FR","@id":"https:\/\/mountainxtra.com\/fr\/vacances-dhiver-a-morzine\/#primaryimage","url":"https:\/\/mountainxtra.com\/wp-content\/uploads\/2019\/12\/groomed_piste2.jpg","contentUrl":"https:\/\/mountainxtra.com\/wp-content\/uploads\/2019\/12\/groomed_piste2.jpg","width":1697,"height":815,"caption":"Love Morzine \/ Les Gets"},{"@type":"BreadcrumbList","@id":"https:\/\/mountainxtra.com\/fr\/vacances-dhiver-a-morzine\/#breadcrumb","itemListElement":[{"@type":"ListItem","position":1,"name":"Home","item":"https:\/\/mountainxtra.com\/fr\/"},{"@type":"ListItem","position":2,"name":"Vacances d&#8217;hiver \u00e0 Morzine"}]},{"@type":"WebSite","@id":"https:\/\/mountainxtra.com\/#website","url":"https:\/\/mountainxtra.com\/","name":"MountainXtra","description":"","potentialAction":[{"@type":"SearchAction","target":{"@type":"EntryPoint","urlTemplate":"https:\/\/mountainxtra.com\/?s={search_term_string}"},"query-input":{"@type":"PropertyValueSpecification","valueRequired":true,"valueName":"search_term_string"}}],"inLanguage":"fr-FR"}]}},"_links":{"self":[{"href":"https:\/\/mountainxtra.com\/fr\/wp-json\/wp\/v2\/pages\/24305","targetHints":{"allow":["GET"]}}],"collection":[{"href":"https:\/\/mountainxtra.com\/fr\/wp-json\/wp\/v2\/pages"}],"about":[{"href":"https:\/\/mountainxtra.com\/fr\/wp-json\/wp\/v2\/types\/page"}],"author":[{"embeddable":true,"href":"https:\/\/mountainxtra.com\/fr\/wp-json\/wp\/v2\/users\/2"}],"replies":[{"embeddable":true,"href":"https:\/\/mountainxtra.com\/fr\/wp-json\/wp\/v2\/comments?post=24305"}],"version-history":[{"count":1,"href":"https:\/\/mountainxtra.com\/fr\/wp-json\/wp\/v2\/pages\/24305\/revisions"}],"predecessor-version":[{"id":24306,"href":"https:\/\/mountainxtra.com\/fr\/wp-json\/wp\/v2\/pages\/24305\/revisions\/24306"}],"wp:featuredmedia":[{"embeddable":true,"href":"https:\/\/mountainxtra.com\/fr\/wp-json\/wp\/v2\/media\/22489"}],"wp:attachment":[{"href":"https:\/\/mountainxtra.com\/fr\/wp-json\/wp\/v2\/media?parent=24305"}],"wp:term":[{"taxonomy":"category","embeddable":true,"href":"https:\/\/mountainxtra.com\/fr\/wp-json\/wp\/v2\/categories?post=24305"}],"curies":[{"name":"wp","href":"https:\/\/api.w.org\/{rel}","templated":true}]}}