{"id":24303,"date":"2013-08-17T08:02:53","date_gmt":"2013-08-17T07:02:53","guid":{"rendered":"https:\/\/mountainxtra.com\/?page_id=24303"},"modified":"2021-01-08T08:10:00","modified_gmt":"2021-01-08T08:10:00","slug":"merci","status":"publish","type":"page","link":"https:\/\/mountainxtra.com\/fr\/merci\/","title":{"rendered":"Merci"},"content":{"rendered":"<h3 style=\"text-align: center;\">Merci pour votre demande, nous visons \u00e0 vous r\u00e9pondre dans les 24 heures.<br \/>\nVeuillez appeler si vous avez besoin d&rsquo;une r\u00e9ponse plus rapide.<\/h3>\n","protected":false},"excerpt":{"rendered":"Merci pour votre demande, nous visons \u00e0 vous r\u00e9pondre dans les 24 heures. Veuillez appeler si vous avez besoin d&rsquo;une r\u00e9ponse plus rapide.","protected":false},"author":2,"featured_media":0,"parent":0,"menu_order":0,"comment_status":"closed","ping_status":"closed","template":"template-thanks-content.php","meta":{"_acf_changed":false,"footnotes":""},"categories":[],"class_list":["post-24303","page","type-page","status-publish","hentry"],"acf":[],"yoast_head":"<!-- This site is optimized with the Yoast SEO plugin v24.5 - https:\/\/yoast.com\/wordpress\/plugins\/seo\/ -->\n<title>Merci - MountainXtra<\/title>\n<meta name=\"robots\" content=\"index, follow, max-snippet:-1, max-image-preview:large, max-video-preview:-1\" \/>\n<link rel=\"canonical\" href=\"https:\/\/mountainxtra.com\/fr\/merci\/\" \/>\n<meta property=\"og:locale\" content=\"fr_FR\" \/>\n<meta property=\"og:type\" content=\"article\" \/>\n<meta property=\"og:title\" content=\"Merci - MountainXtra\" \/>\n<meta property=\"og:description\" content=\"Merci pour votre demande, nous visons \u00e0 vous r\u00e9pondre dans les 24 heures. Veuillez appeler si vous avez besoin d&rsquo;une r\u00e9ponse plus rapide.\" \/>\n<meta property=\"og:url\" content=\"https:\/\/mountainxtra.com\/fr\/merci\/\" \/>\n<meta property=\"og:site_name\" content=\"MountainXtra\" \/>\n<meta property=\"article:publisher\" content=\"https:\/\/www.facebook.com\/mountainxtra\/\" \/>\n<meta property=\"article:modified_time\" content=\"2021-01-08T08:10:00+00:00\" \/>\n<meta name=\"twitter:card\" content=\"summary_large_image\" \/>\n<script type=\"application\/ld+json\" class=\"yoast-schema-graph\">{\"@context\":\"https:\/\/schema.org\",\"@graph\":[{\"@type\":\"WebPage\",\"@id\":\"https:\/\/mountainxtra.com\/fr\/merci\/\",\"url\":\"https:\/\/mountainxtra.com\/fr\/merci\/\",\"name\":\"Merci - MountainXtra\",\"isPartOf\":{\"@id\":\"https:\/\/mountainxtra.com\/#website\"},\"datePublished\":\"2013-08-17T07:02:53+00:00\",\"dateModified\":\"2021-01-08T08:10:00+00:00\",\"breadcrumb\":{\"@id\":\"https:\/\/mountainxtra.com\/fr\/merci\/#breadcrumb\"},\"inLanguage\":\"fr-FR\",\"potentialAction\":[{\"@type\":\"ReadAction\",\"target\":[\"https:\/\/mountainxtra.com\/fr\/merci\/\"]}]},{\"@type\":\"BreadcrumbList\",\"@id\":\"https:\/\/mountainxtra.com\/fr\/merci\/#breadcrumb\",\"itemListElement\":[{\"@type\":\"ListItem\",\"position\":1,\"name\":\"Home\",\"item\":\"https:\/\/mountainxtra.com\/fr\/\"},{\"@type\":\"ListItem\",\"position\":2,\"name\":\"Merci\"}]},{\"@type\":\"WebSite\",\"@id\":\"https:\/\/mountainxtra.com\/#website\",\"url\":\"https:\/\/mountainxtra.com\/\",\"name\":\"MountainXtra\",\"description\":\"\",\"potentialAction\":[{\"@type\":\"SearchAction\",\"target\":{\"@type\":\"EntryPoint\",\"urlTemplate\":\"https:\/\/mountainxtra.com\/?s={search_term_string}\"},\"query-input\":{\"@type\":\"PropertyValueSpecification\",\"valueRequired\":true,\"valueName\":\"search_term_string\"}}],\"inLanguage\":\"fr-FR\"}]}<\/script>\n<!-- \/ Yoast SEO plugin. -->","yoast_head_json":{"title":"Merci - MountainXtra","robots":{"index":"index","follow":"follow","max-snippet":"max-snippet:-1","max-image-preview":"max-image-preview:large","max-video-preview":"max-video-preview:-1"},"canonical":"https:\/\/mountainxtra.com\/fr\/merci\/","og_locale":"fr_FR","og_type":"article","og_title":"Merci - MountainXtra","og_description":"Merci pour votre demande, nous visons \u00e0 vous r\u00e9pondre dans les 24 heures. Veuillez appeler si vous avez besoin d&rsquo;une r\u00e9ponse plus rapide.","og_url":"https:\/\/mountainxtra.com\/fr\/merci\/","og_site_name":"MountainXtra","article_publisher":"https:\/\/www.facebook.com\/mountainxtra\/","article_modified_time":"2021-01-08T08:10:00+00:00","twitter_card":"summary_large_image","schema":{"@context":"https:\/\/schema.org","@graph":[{"@type":"WebPage","@id":"https:\/\/mountainxtra.com\/fr\/merci\/","url":"https:\/\/mountainxtra.com\/fr\/merci\/","name":"Merci - MountainXtra","isPartOf":{"@id":"https:\/\/mountainxtra.com\/#website"},"datePublished":"2013-08-17T07:02:53+00:00","dateModified":"2021-01-08T08:10:00+00:00","breadcrumb":{"@id":"https:\/\/mountainxtra.com\/fr\/merci\/#breadcrumb"},"inLanguage":"fr-FR","potentialAction":[{"@type":"ReadAction","target":["https:\/\/mountainxtra.com\/fr\/merci\/"]}]},{"@type":"BreadcrumbList","@id":"https:\/\/mountainxtra.com\/fr\/merci\/#breadcrumb","itemListElement":[{"@type":"ListItem","position":1,"name":"Home","item":"https:\/\/mountainxtra.com\/fr\/"},{"@type":"ListItem","position":2,"name":"Merci"}]},{"@type":"WebSite","@id":"https:\/\/mountainxtra.com\/#website","url":"https:\/\/mountainxtra.com\/","name":"MountainXtra","description":"","potentialAction":[{"@type":"SearchAction","target":{"@type":"EntryPoint","urlTemplate":"https:\/\/mountainxtra.com\/?s={search_term_string}"},"query-input":{"@type":"PropertyValueSpecification","valueRequired":true,"valueName":"search_term_string"}}],"inLanguage":"fr-FR"}]}},"_links":{"self":[{"href":"https:\/\/mountainxtra.com\/fr\/wp-json\/wp\/v2\/pages\/24303","targetHints":{"allow":["GET"]}}],"collection":[{"href":"https:\/\/mountainxtra.com\/fr\/wp-json\/wp\/v2\/pages"}],"about":[{"href":"https:\/\/mountainxtra.com\/fr\/wp-json\/wp\/v2\/types\/page"}],"author":[{"embeddable":true,"href":"https:\/\/mountainxtra.com\/fr\/wp-json\/wp\/v2\/users\/2"}],"replies":[{"embeddable":true,"href":"https:\/\/mountainxtra.com\/fr\/wp-json\/wp\/v2\/comments?post=24303"}],"version-history":[{"count":1,"href":"https:\/\/mountainxtra.com\/fr\/wp-json\/wp\/v2\/pages\/24303\/revisions"}],"predecessor-version":[{"id":24304,"href":"https:\/\/mountainxtra.com\/fr\/wp-json\/wp\/v2\/pages\/24303\/revisions\/24304"}],"wp:attachment":[{"href":"https:\/\/mountainxtra.com\/fr\/wp-json\/wp\/v2\/media?parent=24303"}],"wp:term":[{"taxonomy":"category","embeddable":true,"href":"https:\/\/mountainxtra.com\/fr\/wp-json\/wp\/v2\/categories?post=24303"}],"curies":[{"name":"wp","href":"https:\/\/api.w.org\/{rel}","templated":true}]}}