{"id":24301,"date":"2019-12-03T11:02:53","date_gmt":"2019-12-03T11:02:53","guid":{"rendered":"https:\/\/mountainxtra.com\/?page_id=24301"},"modified":"2021-01-08T08:10:00","modified_gmt":"2021-01-08T08:10:00","slug":"vacances-dete-a-morzine-et-aux-gets","status":"publish","type":"page","link":"https:\/\/mountainxtra.com\/fr\/vacances-dete-a-morzine-et-aux-gets\/","title":{"rendered":"Vacances d&rsquo;\u00e9t\u00e9 \u00e0 Morzine et aux Gets"},"content":{"rendered":"<p>Apportez votre (vos) v\u00e9lo (s) brillant (s), louez du mat\u00e9riel fiable aupr\u00e8s de nos partenaires ou d\u00e9terrez vos chaussures de marche? Il y a quelque chose (sinon plusieurs choses) pour tous les \u00e2ges, capacit\u00e9s et aptitudes!<\/p>\n<p>Activit\u00e9s physiques<\/p>\n<p>V\u00e9lo de montagne: des sentiers familiaux le long de la rivi\u00e8re aux sentiers de descente et aux parcs \u00e0 v\u00e9los class\u00e9s ou parcourez le circuit PDS d&rsquo;enduro cross-country<br \/>\nCyclisme sur route: mangez des cols pour le petit-d\u00e9jeuner puis essayez le fameux Joux Plane (1700m) avec une mont\u00e9e de 989m sur 11k!<br \/>\nE Bikes: \u00e0 la mode, est-ce de la triche ou du fair game? Tu d\u00e9cides!<br \/>\nLacs: paddle-board, cano\u00eb, baignade ou p\u00eache au lac de Montriond ou essayez le gonflable Wibit aux Gets<br \/>\nCascades: randonn\u00e9e ou voiture jusqu&rsquo;\u00e0 Nyon ou Ardent<br \/>\nPiscines: piste, d\u00e9contract\u00e9e ou enfants, avec 3 couvertes et 2 ext\u00e9rieures (du 50m olympique aux toboggans aquatiques, une petite piscine pour enfants, jeux d&rsquo;eau, volley-ball et un restaurant) \u00e0 Morzine ou rendez-vous \u00e0 Aquariaz pour la rivi\u00e8re artificielle, toboggan pneumatique et jacuzzi ext\u00e9rieur!<br \/>\nPromenades, randonn\u00e9es et pistes: utilisez les remont\u00e9es m\u00e9caniques ou suivez les sentiers pour des vues incroyables<br \/>\n\u00c9quitation: piratage pour d\u00e9butants \u00e0 pros et balades \u00e0 dos d&rsquo;\u00e2ne ou petits enfants<br \/>\nFantastique: tyrolienne \u00e0 100 km \/ h dans les montagnes de Chatel<br \/>\nParapente: choisissez entre 1600m \u00e0 Morzine, 1827m aux Gets ou monter plus haut depuis Avoriaz!<br \/>\nCanyoning \/ Sp\u00e9l\u00e9ologie: descente en rappel de 42m dans une gorge puis descente de cascades naturelles<br \/>\nVia Ferrata \/ Escalade: dans le magnifique Sixt-Fer-Cheval<br \/>\nRafting \/ Hydrospeeding: surfez sur la fonte des neiges rapide!<br \/>\nYoga: Envie d&rsquo;une heure de puissance ou d&rsquo;une sieste sur la terrasse? Morzine est la Mecque des yogis! (Oui, il y a du Paddleboard Yoga!)<br \/>\nGourmets<\/p>\n<p>Goat Village: faites une pause aux Lindarets pour un caf\u00e9 ou un d\u00e9jeuner et caressez les animaux alpins errants<br \/>\nRestaurants de montagne: d\u00e9jeuner avec vue, fayre traditionnelle savoyarde ou r\u00e9server une table dans un restaurant \u00e9toil\u00e9 Michelin de la ville<\/p>\n<p>Mus\u00e9es et expositions: des galeries permanentes de musique m\u00e9canique des Gets aux expositions d&rsquo;art itin\u00e9rantes \u00e0 Morzine<br \/>\nPetit Train: visite des hameaux et des producteurs locaux<br \/>\nMarch\u00e9s du matin: produits artisanaux \u00e0 Morzine le mercredi et aux Gets tous les jeudis<br \/>\nExcursions d&rsquo;une journ\u00e9e<\/p>\n<p>Gen\u00e8ve: boutiques chics, ruelles multiculturelles, mus\u00e9es et si\u00e8ge de l&rsquo;ONU<\/p>\n<p>Lac Leman: Wakeboard via un bateau portuaire, d\u00e9tendez-vous aux piscines de Thonon ou \u00e0 la plage d&rsquo;Excenevex, d\u00e9ambulez dans une ville thermale et remplissez votre bouteille d&rsquo;eau \u00e0 \u00c9vian-les-Bains<\/p>\n<p>Annecy: la Venise des Alpes, parcourez 42 km autour du lac le plus propre d&rsquo;Europe, puis nagez dedans!<\/p>\n<p>Chamonix: montez l&rsquo;Aiguille du Midi \u00e0 3800m et sortez sur le sol en verre avec vue \u00e0 360 \u00b0 sur la France, l&rsquo;Italie et la Suisse. Oh et d\u00e9tendez-vous dans le meilleur spa du monde!<\/p>\n<p>&nbsp;<\/p>\n<p>\u00c9v\u00e9nements annuels<\/p>\n<p>Spartan: course d&rsquo;obstacles difficile sur plusieurs jours 10-50 km (juillet)<\/p>\n<p>Harley Days: Festival de motos r\u00e9tro, musique rock live et beaucoup d&rsquo;Europ\u00e9ens v\u00eatus de cuir! (Juillet)<\/p>\n<p>Rallye du Mont Blanc: voitures rapides bruyantes et moteurs voyants (septembre)<\/p>\n<p>PDS MTB Festival: l&rsquo;ouverture des remont\u00e9es m\u00e9caniques est c\u00e9l\u00e9br\u00e9e avec un circuit de 80 km<\/p>\n<p>Coupe du Monde MTB DH \/ XC UCI: Les Gets accueillent des courses de pilotes professionnels (sept.)<\/p>\n<p>Tour de France: ou Criterium du Dauphine, les grandes courses sur route aiment nos cols<\/p>\n<p>Festivals de yoga \/ bien-\u00eatre et danse: recherchez ces festivals bas\u00e9s \u00e0 Avoriaz, r\u00e9servez un ticket \u00e0 la journ\u00e9e ou un pass semaine compl\u00e8te<\/p>\n<p>Vous ne savez pas par o\u00f9 commencer?! Procurez-vous un Multipass pour un acc\u00e8s illimit\u00e9 aux remont\u00e9es m\u00e9caniques, lacs, courts de tennis, trains de plaisance et navettes!<\/p>\n","protected":false},"excerpt":{"rendered":"Apportez votre (vos) v\u00e9lo (s) brillant (s), louez du mat\u00e9riel fiable aupr\u00e8s de nos partenaires ou d\u00e9terrez vos chaussures de marche? Il y a quelque chose (sinon plusieurs choses) pour tous les \u00e2ges, capacit\u00e9s et aptitudes! Activit\u00e9s physiques V\u00e9lo de montagne: des sentiers familiaux le long de la rivi\u00e8re aux sentiers de descente et aux&#8230;","protected":false},"author":2,"featured_media":22490,"parent":0,"menu_order":0,"comment_status":"closed","ping_status":"closed","template":"template-summer-winter.php","meta":{"_acf_changed":false,"footnotes":""},"categories":[],"class_list":["post-24301","page","type-page","status-publish","has-post-thumbnail","hentry"],"acf":[],"yoast_head":"<!-- This site is optimized with the Yoast SEO plugin v24.5 - https:\/\/yoast.com\/wordpress\/plugins\/seo\/ -->\n<title>Vacances d&#039;\u00e9t\u00e9 \u00e0 Morzine et aux Gets - MountainXtra<\/title>\n<meta name=\"robots\" content=\"index, follow, max-snippet:-1, max-image-preview:large, max-video-preview:-1\" \/>\n<link rel=\"canonical\" href=\"https:\/\/mountainxtra.com\/fr\/vacances-dete-a-morzine-et-aux-gets\/\" \/>\n<meta property=\"og:locale\" content=\"fr_FR\" \/>\n<meta property=\"og:type\" content=\"article\" \/>\n<meta property=\"og:title\" content=\"Vacances d&#039;\u00e9t\u00e9 \u00e0 Morzine et aux Gets - MountainXtra\" \/>\n<meta property=\"og:description\" content=\"Apportez votre (vos) v\u00e9lo (s) brillant (s), louez du mat\u00e9riel fiable aupr\u00e8s de nos partenaires ou d\u00e9terrez vos chaussures de marche? Il y a quelque chose (sinon plusieurs choses) pour tous les \u00e2ges, capacit\u00e9s et aptitudes! Activit\u00e9s physiques V\u00e9lo de montagne: des sentiers familiaux le long de la rivi\u00e8re aux sentiers de descente et aux...\" \/>\n<meta property=\"og:url\" content=\"https:\/\/mountainxtra.com\/fr\/vacances-dete-a-morzine-et-aux-gets\/\" \/>\n<meta property=\"og:site_name\" content=\"MountainXtra\" \/>\n<meta property=\"article:publisher\" content=\"https:\/\/www.facebook.com\/mountainxtra\/\" \/>\n<meta property=\"article:modified_time\" content=\"2021-01-08T08:10:00+00:00\" \/>\n<meta property=\"og:image\" content=\"https:\/\/mountainxtra.com\/wp-content\/uploads\/2019\/12\/Lac-Montriond1.jpg\" \/>\n\t<meta property=\"og:image:width\" content=\"1900\" \/>\n\t<meta property=\"og:image:height\" content=\"417\" \/>\n\t<meta property=\"og:image:type\" content=\"image\/jpeg\" \/>\n<meta name=\"twitter:card\" content=\"summary_large_image\" \/>\n<meta name=\"twitter:label1\" content=\"Dur\u00e9e de lecture estim\u00e9e\" \/>\n\t<meta name=\"twitter:data1\" content=\"3 minutes\" \/>\n<script type=\"application\/ld+json\" class=\"yoast-schema-graph\">{\"@context\":\"https:\/\/schema.org\",\"@graph\":[{\"@type\":\"WebPage\",\"@id\":\"https:\/\/mountainxtra.com\/fr\/vacances-dete-a-morzine-et-aux-gets\/\",\"url\":\"https:\/\/mountainxtra.com\/fr\/vacances-dete-a-morzine-et-aux-gets\/\",\"name\":\"Vacances d'\u00e9t\u00e9 \u00e0 Morzine et aux Gets - MountainXtra\",\"isPartOf\":{\"@id\":\"https:\/\/mountainxtra.com\/#website\"},\"primaryImageOfPage\":{\"@id\":\"https:\/\/mountainxtra.com\/fr\/vacances-dete-a-morzine-et-aux-gets\/#primaryimage\"},\"image\":{\"@id\":\"https:\/\/mountainxtra.com\/fr\/vacances-dete-a-morzine-et-aux-gets\/#primaryimage\"},\"thumbnailUrl\":\"https:\/\/mountainxtra.com\/wp-content\/uploads\/2019\/12\/Lac-Montriond1.jpg\",\"datePublished\":\"2019-12-03T11:02:53+00:00\",\"dateModified\":\"2021-01-08T08:10:00+00:00\",\"breadcrumb\":{\"@id\":\"https:\/\/mountainxtra.com\/fr\/vacances-dete-a-morzine-et-aux-gets\/#breadcrumb\"},\"inLanguage\":\"fr-FR\",\"potentialAction\":[{\"@type\":\"ReadAction\",\"target\":[\"https:\/\/mountainxtra.com\/fr\/vacances-dete-a-morzine-et-aux-gets\/\"]}]},{\"@type\":\"ImageObject\",\"inLanguage\":\"fr-FR\",\"@id\":\"https:\/\/mountainxtra.com\/fr\/vacances-dete-a-morzine-et-aux-gets\/#primaryimage\",\"url\":\"https:\/\/mountainxtra.com\/wp-content\/uploads\/2019\/12\/Lac-Montriond1.jpg\",\"contentUrl\":\"https:\/\/mountainxtra.com\/wp-content\/uploads\/2019\/12\/Lac-Montriond1.jpg\",\"width\":1900,\"height\":417},{\"@type\":\"BreadcrumbList\",\"@id\":\"https:\/\/mountainxtra.com\/fr\/vacances-dete-a-morzine-et-aux-gets\/#breadcrumb\",\"itemListElement\":[{\"@type\":\"ListItem\",\"position\":1,\"name\":\"Home\",\"item\":\"https:\/\/mountainxtra.com\/fr\/\"},{\"@type\":\"ListItem\",\"position\":2,\"name\":\"Vacances d&#8217;\u00e9t\u00e9 \u00e0 Morzine et aux Gets\"}]},{\"@type\":\"WebSite\",\"@id\":\"https:\/\/mountainxtra.com\/#website\",\"url\":\"https:\/\/mountainxtra.com\/\",\"name\":\"MountainXtra\",\"description\":\"\",\"potentialAction\":[{\"@type\":\"SearchAction\",\"target\":{\"@type\":\"EntryPoint\",\"urlTemplate\":\"https:\/\/mountainxtra.com\/?s={search_term_string}\"},\"query-input\":{\"@type\":\"PropertyValueSpecification\",\"valueRequired\":true,\"valueName\":\"search_term_string\"}}],\"inLanguage\":\"fr-FR\"}]}<\/script>\n<!-- \/ Yoast SEO plugin. -->","yoast_head_json":{"title":"Vacances d'\u00e9t\u00e9 \u00e0 Morzine et aux Gets - MountainXtra","robots":{"index":"index","follow":"follow","max-snippet":"max-snippet:-1","max-image-preview":"max-image-preview:large","max-video-preview":"max-video-preview:-1"},"canonical":"https:\/\/mountainxtra.com\/fr\/vacances-dete-a-morzine-et-aux-gets\/","og_locale":"fr_FR","og_type":"article","og_title":"Vacances d'\u00e9t\u00e9 \u00e0 Morzine et aux Gets - MountainXtra","og_description":"Apportez votre (vos) v\u00e9lo (s) brillant (s), louez du mat\u00e9riel fiable aupr\u00e8s de nos partenaires ou d\u00e9terrez vos chaussures de marche? Il y a quelque chose (sinon plusieurs choses) pour tous les \u00e2ges, capacit\u00e9s et aptitudes! Activit\u00e9s physiques V\u00e9lo de montagne: des sentiers familiaux le long de la rivi\u00e8re aux sentiers de descente et aux...","og_url":"https:\/\/mountainxtra.com\/fr\/vacances-dete-a-morzine-et-aux-gets\/","og_site_name":"MountainXtra","article_publisher":"https:\/\/www.facebook.com\/mountainxtra\/","article_modified_time":"2021-01-08T08:10:00+00:00","og_image":[{"width":1900,"height":417,"url":"https:\/\/mountainxtra.com\/wp-content\/uploads\/2019\/12\/Lac-Montriond1.jpg","type":"image\/jpeg"}],"twitter_card":"summary_large_image","twitter_misc":{"Dur\u00e9e de lecture estim\u00e9e":"3 minutes"},"schema":{"@context":"https:\/\/schema.org","@graph":[{"@type":"WebPage","@id":"https:\/\/mountainxtra.com\/fr\/vacances-dete-a-morzine-et-aux-gets\/","url":"https:\/\/mountainxtra.com\/fr\/vacances-dete-a-morzine-et-aux-gets\/","name":"Vacances d'\u00e9t\u00e9 \u00e0 Morzine et aux Gets - MountainXtra","isPartOf":{"@id":"https:\/\/mountainxtra.com\/#website"},"primaryImageOfPage":{"@id":"https:\/\/mountainxtra.com\/fr\/vacances-dete-a-morzine-et-aux-gets\/#primaryimage"},"image":{"@id":"https:\/\/mountainxtra.com\/fr\/vacances-dete-a-morzine-et-aux-gets\/#primaryimage"},"thumbnailUrl":"https:\/\/mountainxtra.com\/wp-content\/uploads\/2019\/12\/Lac-Montriond1.jpg","datePublished":"2019-12-03T11:02:53+00:00","dateModified":"2021-01-08T08:10:00+00:00","breadcrumb":{"@id":"https:\/\/mountainxtra.com\/fr\/vacances-dete-a-morzine-et-aux-gets\/#breadcrumb"},"inLanguage":"fr-FR","potentialAction":[{"@type":"ReadAction","target":["https:\/\/mountainxtra.com\/fr\/vacances-dete-a-morzine-et-aux-gets\/"]}]},{"@type":"ImageObject","inLanguage":"fr-FR","@id":"https:\/\/mountainxtra.com\/fr\/vacances-dete-a-morzine-et-aux-gets\/#primaryimage","url":"https:\/\/mountainxtra.com\/wp-content\/uploads\/2019\/12\/Lac-Montriond1.jpg","contentUrl":"https:\/\/mountainxtra.com\/wp-content\/uploads\/2019\/12\/Lac-Montriond1.jpg","width":1900,"height":417},{"@type":"BreadcrumbList","@id":"https:\/\/mountainxtra.com\/fr\/vacances-dete-a-morzine-et-aux-gets\/#breadcrumb","itemListElement":[{"@type":"ListItem","position":1,"name":"Home","item":"https:\/\/mountainxtra.com\/fr\/"},{"@type":"ListItem","position":2,"name":"Vacances d&#8217;\u00e9t\u00e9 \u00e0 Morzine et aux Gets"}]},{"@type":"WebSite","@id":"https:\/\/mountainxtra.com\/#website","url":"https:\/\/mountainxtra.com\/","name":"MountainXtra","description":"","potentialAction":[{"@type":"SearchAction","target":{"@type":"EntryPoint","urlTemplate":"https:\/\/mountainxtra.com\/?s={search_term_string}"},"query-input":{"@type":"PropertyValueSpecification","valueRequired":true,"valueName":"search_term_string"}}],"inLanguage":"fr-FR"}]}},"_links":{"self":[{"href":"https:\/\/mountainxtra.com\/fr\/wp-json\/wp\/v2\/pages\/24301","targetHints":{"allow":["GET"]}}],"collection":[{"href":"https:\/\/mountainxtra.com\/fr\/wp-json\/wp\/v2\/pages"}],"about":[{"href":"https:\/\/mountainxtra.com\/fr\/wp-json\/wp\/v2\/types\/page"}],"author":[{"embeddable":true,"href":"https:\/\/mountainxtra.com\/fr\/wp-json\/wp\/v2\/users\/2"}],"replies":[{"embeddable":true,"href":"https:\/\/mountainxtra.com\/fr\/wp-json\/wp\/v2\/comments?post=24301"}],"version-history":[{"count":1,"href":"https:\/\/mountainxtra.com\/fr\/wp-json\/wp\/v2\/pages\/24301\/revisions"}],"predecessor-version":[{"id":24302,"href":"https:\/\/mountainxtra.com\/fr\/wp-json\/wp\/v2\/pages\/24301\/revisions\/24302"}],"wp:featuredmedia":[{"embeddable":true,"href":"https:\/\/mountainxtra.com\/fr\/wp-json\/wp\/v2\/media\/22490"}],"wp:attachment":[{"href":"https:\/\/mountainxtra.com\/fr\/wp-json\/wp\/v2\/media?parent=24301"}],"wp:term":[{"taxonomy":"category","embeddable":true,"href":"https:\/\/mountainxtra.com\/fr\/wp-json\/wp\/v2\/categories?post=24301"}],"curies":[{"name":"wp","href":"https:\/\/api.w.org\/{rel}","templated":true}]}}