{"id":24287,"date":"2013-08-26T07:13:01","date_gmt":"2013-08-26T06:13:01","guid":{"rendered":"https:\/\/mountainxtra.com\/?page_id=24287"},"modified":"2021-01-08T08:10:00","modified_gmt":"2021-01-08T08:10:00","slug":"vacances-de-ski","status":"publish","type":"page","link":"https:\/\/mountainxtra.com\/fr\/vacances-de-ski\/","title":{"rendered":"Vacances de ski"},"content":{"rendered":"<p>Qu&rsquo;est-ce qui fait de bonnes vacances au ski?<\/p>\n<p>H\u00e9bergement<br \/>\nPrix<br \/>\nEmplacement<br \/>\nNourriture<br \/>\nBoisson<br \/>\nFamille<br \/>\ncopains<br \/>\nLa montagne<br \/>\nLimites extr\u00eames<br \/>\nRestaurants<br \/>\nAtmosph\u00e8re de f\u00eate<br \/>\nArri\u00e8re-pays<br \/>\nEnvironnement calme et \u00e9loign\u00e9<br \/>\nUne station proche de l&rsquo;a\u00e9roport<br \/>\nPistes faciles ou zone enfants<br \/>\nPistes exigeantes et zones hors piste<br \/>\nParc ou pistes noires<br \/>\nFitness et activit\u00e9s<br \/>\nAdr\u00e9n\u00e9line<br \/>\nPoudre<br \/>\nSoleil<br \/>\nLe domaine skiable global<br \/>\nOu juste quelque chose pour tout le monde?<br \/>\nPeu importe ce qui rend les vacances au ski sp\u00e9ciales pour vous, les stations de Morzine, Avoriaz, Les Gets, St Jean d&rsquo;Aulps et les environs des Portes du Soleil ont vraiment quelque chose pour tout le monde. Le centre-ville anim\u00e9 de Morzine regorge de restaurants, de bo\u00eetes de nuit et de bars, mais si vous pr\u00e9f\u00e9rez une option plus paisible, il existe des options d&rsquo;appartements et de chalets \u00e0 la p\u00e9riph\u00e9rie de la ville et m\u00eame dans des quartiers plus isol\u00e9s et plus calmes autour de la station.<\/p>\n<p>De plus, qui peut nier, le domaine skiable des Portes du Soleil est vraiment l&rsquo;un des meilleurs domaines skiables interconnect\u00e9s au monde, englobant 14 stations r\u00e9parties sur deux pays, la France et la Suisse. En plus des 650 km de pistes, il y a des itin\u00e9raires hors-piste incroyables o\u00f9 vous pouvez louer un guide, et il y a des snowparks diss\u00e9min\u00e9s dans les Portes du Soleil, y compris le \u00ab\u00a0Stash\u00a0\u00bb sponsoris\u00e9 par Burton et peut-\u00eatre l&rsquo;un des meilleurs half-pipes de France.<\/p>\n<p>Les autres activit\u00e9s comprennent:<\/p>\n<p>Faire de la raquette<br \/>\nPromenades \u00e0 cheval et en charrette<br \/>\nPlong\u00e9e sous glace<br \/>\nPromenades en husky<br \/>\nBalades en motoneige<br \/>\nLuge<br \/>\nPatinage sur glace<br \/>\nNatation int\u00e9rieure<br \/>\nHockey sur glace<br \/>\nPlanche a neige<\/p>\n","protected":false},"excerpt":{"rendered":"Qu&rsquo;est-ce qui fait de bonnes vacances au ski? H\u00e9bergement Prix Emplacement Nourriture Boisson Famille copains La montagne Limites extr\u00eames Restaurants Atmosph\u00e8re de f\u00eate Arri\u00e8re-pays Environnement calme et \u00e9loign\u00e9 Une station proche de l&rsquo;a\u00e9roport Pistes faciles ou zone enfants Pistes exigeantes et zones hors piste Parc ou pistes noires Fitness et activit\u00e9s Adr\u00e9n\u00e9line Poudre Soleil Le&#8230;","protected":false},"author":2,"featured_media":0,"parent":0,"menu_order":0,"comment_status":"closed","ping_status":"closed","template":"","meta":{"_acf_changed":false,"footnotes":""},"categories":[],"class_list":["post-24287","page","type-page","status-publish","hentry"],"acf":[],"yoast_head":"<!-- This site is optimized with the Yoast SEO plugin v24.5 - https:\/\/yoast.com\/wordpress\/plugins\/seo\/ -->\n<title>Vacances de ski - MountainXtra<\/title>\n<meta name=\"description\" content=\"Nous sommes sp\u00e9cialis\u00e9s dans la location de chalets et d&#039;appartements pour des vacances au ski parfaites \u00e0 Morzine &amp; Les Gets.\" \/>\n<meta name=\"robots\" content=\"index, follow, max-snippet:-1, max-image-preview:large, max-video-preview:-1\" \/>\n<link rel=\"canonical\" href=\"https:\/\/mountainxtra.com\/fr\/vacances-de-ski\/\" \/>\n<meta property=\"og:locale\" content=\"fr_FR\" \/>\n<meta property=\"og:type\" content=\"article\" \/>\n<meta property=\"og:title\" content=\"Vacances de ski - MountainXtra\" \/>\n<meta property=\"og:description\" content=\"Nous sommes sp\u00e9cialis\u00e9s dans la location de chalets et d&#039;appartements pour des vacances au ski parfaites \u00e0 Morzine &amp; Les Gets.\" \/>\n<meta property=\"og:url\" content=\"https:\/\/mountainxtra.com\/fr\/vacances-de-ski\/\" \/>\n<meta property=\"og:site_name\" content=\"MountainXtra\" \/>\n<meta property=\"article:publisher\" content=\"https:\/\/www.facebook.com\/mountainxtra\/\" \/>\n<meta property=\"article:modified_time\" content=\"2021-01-08T08:10:00+00:00\" \/>\n<meta name=\"twitter:card\" content=\"summary_large_image\" \/>\n<meta name=\"twitter:label1\" content=\"Dur\u00e9e de lecture estim\u00e9e\" \/>\n\t<meta name=\"twitter:data1\" content=\"1 minute\" \/>\n<script type=\"application\/ld+json\" class=\"yoast-schema-graph\">{\"@context\":\"https:\/\/schema.org\",\"@graph\":[{\"@type\":\"WebPage\",\"@id\":\"https:\/\/mountainxtra.com\/fr\/vacances-de-ski\/\",\"url\":\"https:\/\/mountainxtra.com\/fr\/vacances-de-ski\/\",\"name\":\"Vacances de ski - MountainXtra\",\"isPartOf\":{\"@id\":\"https:\/\/mountainxtra.com\/#website\"},\"datePublished\":\"2013-08-26T06:13:01+00:00\",\"dateModified\":\"2021-01-08T08:10:00+00:00\",\"description\":\"Nous sommes sp\u00e9cialis\u00e9s dans la location de chalets et d'appartements pour des vacances au ski parfaites \u00e0 Morzine & Les Gets.\",\"breadcrumb\":{\"@id\":\"https:\/\/mountainxtra.com\/fr\/vacances-de-ski\/#breadcrumb\"},\"inLanguage\":\"fr-FR\",\"potentialAction\":[{\"@type\":\"ReadAction\",\"target\":[\"https:\/\/mountainxtra.com\/fr\/vacances-de-ski\/\"]}]},{\"@type\":\"BreadcrumbList\",\"@id\":\"https:\/\/mountainxtra.com\/fr\/vacances-de-ski\/#breadcrumb\",\"itemListElement\":[{\"@type\":\"ListItem\",\"position\":1,\"name\":\"Home\",\"item\":\"https:\/\/mountainxtra.com\/fr\/\"},{\"@type\":\"ListItem\",\"position\":2,\"name\":\"Vacances de ski\"}]},{\"@type\":\"WebSite\",\"@id\":\"https:\/\/mountainxtra.com\/#website\",\"url\":\"https:\/\/mountainxtra.com\/\",\"name\":\"MountainXtra\",\"description\":\"\",\"potentialAction\":[{\"@type\":\"SearchAction\",\"target\":{\"@type\":\"EntryPoint\",\"urlTemplate\":\"https:\/\/mountainxtra.com\/?s={search_term_string}\"},\"query-input\":{\"@type\":\"PropertyValueSpecification\",\"valueRequired\":true,\"valueName\":\"search_term_string\"}}],\"inLanguage\":\"fr-FR\"}]}<\/script>\n<!-- \/ Yoast SEO plugin. -->","yoast_head_json":{"title":"Vacances de ski - MountainXtra","description":"Nous sommes sp\u00e9cialis\u00e9s dans la location de chalets et d'appartements pour des vacances au ski parfaites \u00e0 Morzine & Les Gets.","robots":{"index":"index","follow":"follow","max-snippet":"max-snippet:-1","max-image-preview":"max-image-preview:large","max-video-preview":"max-video-preview:-1"},"canonical":"https:\/\/mountainxtra.com\/fr\/vacances-de-ski\/","og_locale":"fr_FR","og_type":"article","og_title":"Vacances de ski - MountainXtra","og_description":"Nous sommes sp\u00e9cialis\u00e9s dans la location de chalets et d'appartements pour des vacances au ski parfaites \u00e0 Morzine & Les Gets.","og_url":"https:\/\/mountainxtra.com\/fr\/vacances-de-ski\/","og_site_name":"MountainXtra","article_publisher":"https:\/\/www.facebook.com\/mountainxtra\/","article_modified_time":"2021-01-08T08:10:00+00:00","twitter_card":"summary_large_image","twitter_misc":{"Dur\u00e9e de lecture estim\u00e9e":"1 minute"},"schema":{"@context":"https:\/\/schema.org","@graph":[{"@type":"WebPage","@id":"https:\/\/mountainxtra.com\/fr\/vacances-de-ski\/","url":"https:\/\/mountainxtra.com\/fr\/vacances-de-ski\/","name":"Vacances de ski - MountainXtra","isPartOf":{"@id":"https:\/\/mountainxtra.com\/#website"},"datePublished":"2013-08-26T06:13:01+00:00","dateModified":"2021-01-08T08:10:00+00:00","description":"Nous sommes sp\u00e9cialis\u00e9s dans la location de chalets et d'appartements pour des vacances au ski parfaites \u00e0 Morzine & Les Gets.","breadcrumb":{"@id":"https:\/\/mountainxtra.com\/fr\/vacances-de-ski\/#breadcrumb"},"inLanguage":"fr-FR","potentialAction":[{"@type":"ReadAction","target":["https:\/\/mountainxtra.com\/fr\/vacances-de-ski\/"]}]},{"@type":"BreadcrumbList","@id":"https:\/\/mountainxtra.com\/fr\/vacances-de-ski\/#breadcrumb","itemListElement":[{"@type":"ListItem","position":1,"name":"Home","item":"https:\/\/mountainxtra.com\/fr\/"},{"@type":"ListItem","position":2,"name":"Vacances de ski"}]},{"@type":"WebSite","@id":"https:\/\/mountainxtra.com\/#website","url":"https:\/\/mountainxtra.com\/","name":"MountainXtra","description":"","potentialAction":[{"@type":"SearchAction","target":{"@type":"EntryPoint","urlTemplate":"https:\/\/mountainxtra.com\/?s={search_term_string}"},"query-input":{"@type":"PropertyValueSpecification","valueRequired":true,"valueName":"search_term_string"}}],"inLanguage":"fr-FR"}]}},"_links":{"self":[{"href":"https:\/\/mountainxtra.com\/fr\/wp-json\/wp\/v2\/pages\/24287","targetHints":{"allow":["GET"]}}],"collection":[{"href":"https:\/\/mountainxtra.com\/fr\/wp-json\/wp\/v2\/pages"}],"about":[{"href":"https:\/\/mountainxtra.com\/fr\/wp-json\/wp\/v2\/types\/page"}],"author":[{"embeddable":true,"href":"https:\/\/mountainxtra.com\/fr\/wp-json\/wp\/v2\/users\/2"}],"replies":[{"embeddable":true,"href":"https:\/\/mountainxtra.com\/fr\/wp-json\/wp\/v2\/comments?post=24287"}],"version-history":[{"count":3,"href":"https:\/\/mountainxtra.com\/fr\/wp-json\/wp\/v2\/pages\/24287\/revisions"}],"predecessor-version":[{"id":24296,"href":"https:\/\/mountainxtra.com\/fr\/wp-json\/wp\/v2\/pages\/24287\/revisions\/24296"}],"wp:attachment":[{"href":"https:\/\/mountainxtra.com\/fr\/wp-json\/wp\/v2\/media?parent=24287"}],"wp:term":[{"taxonomy":"category","embeddable":true,"href":"https:\/\/mountainxtra.com\/fr\/wp-json\/wp\/v2\/categories?post=24287"}],"curies":[{"name":"wp","href":"https:\/\/api.w.org\/{rel}","templated":true}]}}