{"id":24283,"date":"2013-08-26T08:08:41","date_gmt":"2013-08-26T07:08:41","guid":{"rendered":"https:\/\/mountainxtra.com\/?page_id=24283"},"modified":"2021-01-08T08:10:01","modified_gmt":"2021-01-08T08:10:01","slug":"management-des-proprietes-a-morzine","status":"publish","type":"page","link":"https:\/\/mountainxtra.com\/fr\/management-des-proprietes-a-morzine\/","title":{"rendered":"Management des Propri\u00e9t\u00e9s \u00e0 Morzine"},"content":{"rendered":"<p>Si vous poss\u00e9dez une propri\u00e9t\u00e9 ou une r\u00e9sidence secondaire \u00e0 Morzine ou envisagez d\u2019en acheter une, Mountain Xtra peut vous aider \u00e0 la g\u00e9rer et \u00e0 maximiser son potentiel de revenus.<\/p>\n<p>Nous g\u00e9n\u00e9rons d\u00e9j\u00e0 beaucoup de b\u00e9n\u00e9fices pour les autres propri\u00e9taires de Morzine.<\/p>\n<p>Nous pouvons vous aider \u00e0 d\u00e9velopper, r\u00e9nover, d\u00e9corer ou louer et entretenir votre maison de vacances id\u00e9ale.<\/p>\n<p>Un service de gestion immobili\u00e8re de Mountain Xtra \u00e0 Morzine est absolument le moyen le plus simple de g\u00e9n\u00e9rer des revenus suppl\u00e9mentaires. Notre service de gestion complet peut s&rsquo;occuper de tout pour vous, de la publicit\u00e9 et des ventes jusqu\u2019\u00e0 la location et aux besoins des clients dans le complexe comme l&rsquo;organisation de services suppl\u00e9mentaires, par exemple les forfaits, les transferts et la restauration, nous organisons \u00e9galement le nettoyage, le linge, nous traitons les probl\u00e8mes d&rsquo;entretien, de plus, nous pr\u00e9parons le chalet pour vous et votre famille avant et apr\u00e8s vos propres visites.<\/p>\n<p>Nous pouvons tout prendre en charge pour que vous n&rsquo;ayez pas de tracas.<\/p>\n<p>Nous savons que chaque situation est diff\u00e9rente et c&rsquo;est pourquoi nous vous invitons \u00e0 nous contacter afin que nous puissions discuter de vos besoins sp\u00e9cifiques en plus de d\u00e9tail. Si vous voulez utiliser vous-m\u00eame l&rsquo;appartement ou le chalet, nous pouvons adapter une solution de gestion immobili\u00e8re pour votre convenance.<\/p>\n<p>Combien allez-vous gagner?<\/p>\n<p>Cela peut d\u00e9pendre de l&#8217;emplacement et le niveau de construction ou les meubles d\u2019int\u00e9rieur, ainsi que si vous souhaitez y s\u00e9journer vous-m\u00eame, sans parler des saisons, m\u00eame avec une bonne neige, la saison d&rsquo;hiver est consid\u00e9r\u00e9e comme ayant environ 15 semaines vendables avec des p\u00e9riodes de haute saison au nouvel an et en f\u00e9vrier. Plus vous ne l&rsquo;utilisez pas de semaines que nous pouvons facilement vendre, plus vous gagnerez. Les montants sp\u00e9cifiques varieront selon la taille, le style et l&#8217;emplacement de votre propri\u00e9t\u00e9, mais nous pouvons vous conseiller et travailler avec vous pour maximiser s\u00e9rieusement le potentiel de revenus.<\/p>\n<p>Et les revenus en \u00e9t\u00e9?<\/p>\n<p>Le revenu d&rsquo;\u00e9t\u00e9 est possible. La saison estivale compte environ 8 semaines vendables. Les propri\u00e9t\u00e9s qui fonctionnent mieux en \u00e9t\u00e9 sont souvent ce qui sont plus pr\u00e8s du centre ville, qui ont un local pour les v\u00e9los s\u00e9curis\u00e9 et des installations de lavage et un jardin, une terrasse ou un espace ext\u00e9rieur, plus id\u00e9alement des jacuzzis, un sauna et \/ ou une piscine. Il est \u00e9galement important de noter que les revenus locatifs d&rsquo;\u00e9t\u00e9 seront normalement nettement inf\u00e9rieurs \u00e0 ceux de l&rsquo;hiver, peut-\u00eatre jusqu&rsquo;\u00e0 la moiti\u00e9 du prix en raison de la moindre quantit\u00e9 de tourisme d&rsquo;\u00e9t\u00e9 et de l&rsquo;offre plus \u00e9lev\u00e9e de propri\u00e9t\u00e9s disponibles, (cela dit que les \u00e9t\u00e9s dans les montagnes voient r\u00e9cemment une nouvelle vague de popularit\u00e9).<\/p>\n<p>Pourquoi Mountain Xtra?<\/p>\n<p>Exp\u00e9rience<\/p>\n<p>Nos directeurs Dominic et Lorna ont plus de 30 ans d&rsquo;exp\u00e9rience dans le tourisme, nous connaissons le march\u00e9 \u00e0 fond et nous pouvons identifier les tendances changeantes dans ce que veulent les clients. Nous vendons des vacances de qualit\u00e9 \u00e0 Morzine depuis plus de 20 ans et nous fournissons des services de gestion immobili\u00e8re de haut qualit\u00e9 \u00e0 Morzine depuis 12 ans. Nous travaillons en collaboration avec les propri\u00e9taires pour les aider, les conseiller et les am\u00e9liorer leurs propri\u00e9t\u00e9s afin de les rendre le meilleur possible pour la location de vacances. Nous travaillons \u00e9galement en collaboration avec nos \u00e9quipes de vente et de gestion pour nous assurer que nous offrons \u00e0 chaque vacancier la meilleure exp\u00e9rience qu&rsquo;il puisse avoir.<\/p>\n<p>Confiance<\/p>\n<p>Ce n&rsquo;est g\u00e9n\u00e9ralement pas un processus facile d&rsquo;acheter une propri\u00e9t\u00e9, il est donc important que vous fassiez tr\u00e8s attention \u00e0 qui vous donnez vos cl\u00e9s. Vous devez vous sentir en s\u00e9curit\u00e9 et confiant dans les personnes qui vont g\u00e9n\u00e9rer les revenus pour vous. Mountain Xtra peut vous rassurer car non seulement nous avons la r\u00e9putation de fournir les meilleurs services de gestion immobili\u00e8re \u00e0 Morzine depuis 12 ans, mais nous travaillons \u00e9galement avec des professionnels locaux et des experts en maintenance en cas de probl\u00e8me pour le r\u00e9soudre rapidement. Nous employons uniquement le meilleur personnel et nos directeurs travaillent de mani\u00e8re proactive avec vous tout au long de l\u2019ann\u00e9e pour garder votre propri\u00e9t\u00e9 bien entretenue avec du style afin de maximiser son potentiel de revenus.<\/p>\n<p>Qualit\u00e9<\/p>\n<p>Nous nous soucions de nos clients, nous nous soucions de nos propri\u00e9taires, nous nous soucions des propri\u00e9t\u00e9s que nous g\u00e9rons et nous nous soucions de notre personnel, tout cela nous permet de fournir la plus haute qualit\u00e9 de service.<\/p>\n<p>Haute qualit\u00e9<\/p>\n<p>Nous entrainons notre personnel aux normes \u00e9lev\u00e9es et nous attendons le meilleur d\u2019eux, depuis les femmes de m\u00e9nage jusqu\u2019au personnel de gestion, c&rsquo;est comme \u00e7a que nous gardons nos propri\u00e9t\u00e9s si bien pr\u00e9sent\u00e9es et entretenues pendante l&rsquo;ann\u00e9e enti\u00e8re.<\/p>\n<p>Souplesse<\/p>\n<p>G\u00e9rer des propri\u00e9t\u00e9s dans une station de montagne dans les conditions d\u2019hiver et d\u2019\u00e9t\u00e9 extr\u00eames n&rsquo;est pas une t\u00e2che facile, ni toujours pr\u00e9visible. Non seulement nous avons la connaissance de l&rsquo;exp\u00e9rience, mais nous pouvons vous assurer \u00e9galement que nous allons tenir compte votre flexibilit\u00e9, nous faisons tout ce que nous pouvons pour traiter et finalement r\u00e9soudre les probl\u00e8mes le plus rapidement possible.<\/p>\n<p>Service complet<\/p>\n<p>Chez mountainxtra, nous nous occupons de la publicit\u00e9, des r\u00e9servations, des changements, du linge, des besoins des clients, de l&rsquo;entretien, du jardinage, d\u2019un bricoleur ou d&rsquo;autres besoins d&rsquo;entretien. Nous proposons un package complet de gestion immobili\u00e8re \u00e0 Morzine.<\/p>\n","protected":false},"excerpt":{"rendered":"Si vous poss\u00e9dez une propri\u00e9t\u00e9 ou une r\u00e9sidence secondaire \u00e0 Morzine ou envisagez d\u2019en acheter une, Mountain Xtra peut vous aider \u00e0 la g\u00e9rer et \u00e0 maximiser son potentiel de revenus. Nous g\u00e9n\u00e9rons d\u00e9j\u00e0 beaucoup de b\u00e9n\u00e9fices pour les autres propri\u00e9taires de Morzine. Nous pouvons vous aider \u00e0 d\u00e9velopper, r\u00e9nover, d\u00e9corer ou louer et entretenir&#8230;","protected":false},"author":2,"featured_media":22326,"parent":0,"menu_order":0,"comment_status":"closed","ping_status":"closed","template":"template-narrow-content.php","meta":{"_acf_changed":false,"footnotes":""},"categories":[],"class_list":["post-24283","page","type-page","status-publish","has-post-thumbnail","hentry"],"acf":[],"yoast_head":"<!-- This site is optimized with the Yoast SEO plugin v24.5 - https:\/\/yoast.com\/wordpress\/plugins\/seo\/ -->\n<title>Management des Propri\u00e9t\u00e9s \u00e0 Morzine - MountainXtra<\/title>\n<meta name=\"robots\" content=\"index, follow, max-snippet:-1, max-image-preview:large, max-video-preview:-1\" \/>\n<link rel=\"canonical\" href=\"https:\/\/mountainxtra.com\/fr\/management-des-proprietes-a-morzine\/\" \/>\n<meta property=\"og:locale\" content=\"fr_FR\" \/>\n<meta property=\"og:type\" content=\"article\" \/>\n<meta property=\"og:title\" content=\"Management des Propri\u00e9t\u00e9s \u00e0 Morzine - MountainXtra\" \/>\n<meta property=\"og:description\" content=\"Si vous poss\u00e9dez une propri\u00e9t\u00e9 ou une r\u00e9sidence secondaire \u00e0 Morzine ou envisagez d\u2019en acheter une, Mountain Xtra peut vous aider \u00e0 la g\u00e9rer et \u00e0 maximiser son potentiel de revenus. Nous g\u00e9n\u00e9rons d\u00e9j\u00e0 beaucoup de b\u00e9n\u00e9fices pour les autres propri\u00e9taires de Morzine. Nous pouvons vous aider \u00e0 d\u00e9velopper, r\u00e9nover, d\u00e9corer ou louer et entretenir...\" \/>\n<meta property=\"og:url\" content=\"https:\/\/mountainxtra.com\/fr\/management-des-proprietes-a-morzine\/\" \/>\n<meta property=\"og:site_name\" content=\"MountainXtra\" \/>\n<meta property=\"article:publisher\" content=\"https:\/\/www.facebook.com\/mountainxtra\/\" \/>\n<meta property=\"article:modified_time\" content=\"2021-01-08T08:10:01+00:00\" \/>\n<meta property=\"og:image\" content=\"https:\/\/mountainxtra.com\/wp-content\/uploads\/2018\/11\/snow_covered_chalet.jpg\" \/>\n\t<meta property=\"og:image:width\" content=\"1045\" \/>\n\t<meta property=\"og:image:height\" content=\"797\" \/>\n\t<meta property=\"og:image:type\" content=\"image\/jpeg\" \/>\n<meta name=\"twitter:card\" content=\"summary_large_image\" \/>\n<meta name=\"twitter:label1\" content=\"Dur\u00e9e de lecture estim\u00e9e\" \/>\n\t<meta name=\"twitter:data1\" content=\"5 minutes\" \/>\n<script type=\"application\/ld+json\" class=\"yoast-schema-graph\">{\"@context\":\"https:\/\/schema.org\",\"@graph\":[{\"@type\":\"WebPage\",\"@id\":\"https:\/\/mountainxtra.com\/fr\/management-des-proprietes-a-morzine\/\",\"url\":\"https:\/\/mountainxtra.com\/fr\/management-des-proprietes-a-morzine\/\",\"name\":\"Management des Propri\u00e9t\u00e9s \u00e0 Morzine - MountainXtra\",\"isPartOf\":{\"@id\":\"https:\/\/mountainxtra.com\/#website\"},\"primaryImageOfPage\":{\"@id\":\"https:\/\/mountainxtra.com\/fr\/management-des-proprietes-a-morzine\/#primaryimage\"},\"image\":{\"@id\":\"https:\/\/mountainxtra.com\/fr\/management-des-proprietes-a-morzine\/#primaryimage\"},\"thumbnailUrl\":\"https:\/\/mountainxtra.com\/wp-content\/uploads\/2018\/11\/snow_covered_chalet.jpg\",\"datePublished\":\"2013-08-26T07:08:41+00:00\",\"dateModified\":\"2021-01-08T08:10:01+00:00\",\"breadcrumb\":{\"@id\":\"https:\/\/mountainxtra.com\/fr\/management-des-proprietes-a-morzine\/#breadcrumb\"},\"inLanguage\":\"fr-FR\",\"potentialAction\":[{\"@type\":\"ReadAction\",\"target\":[\"https:\/\/mountainxtra.com\/fr\/management-des-proprietes-a-morzine\/\"]}]},{\"@type\":\"ImageObject\",\"inLanguage\":\"fr-FR\",\"@id\":\"https:\/\/mountainxtra.com\/fr\/management-des-proprietes-a-morzine\/#primaryimage\",\"url\":\"https:\/\/mountainxtra.com\/wp-content\/uploads\/2018\/11\/snow_covered_chalet.jpg\",\"contentUrl\":\"https:\/\/mountainxtra.com\/wp-content\/uploads\/2018\/11\/snow_covered_chalet.jpg\",\"width\":1045,\"height\":797},{\"@type\":\"BreadcrumbList\",\"@id\":\"https:\/\/mountainxtra.com\/fr\/management-des-proprietes-a-morzine\/#breadcrumb\",\"itemListElement\":[{\"@type\":\"ListItem\",\"position\":1,\"name\":\"Home\",\"item\":\"https:\/\/mountainxtra.com\/fr\/\"},{\"@type\":\"ListItem\",\"position\":2,\"name\":\"Management des Propri\u00e9t\u00e9s \u00e0 Morzine\"}]},{\"@type\":\"WebSite\",\"@id\":\"https:\/\/mountainxtra.com\/#website\",\"url\":\"https:\/\/mountainxtra.com\/\",\"name\":\"MountainXtra\",\"description\":\"\",\"potentialAction\":[{\"@type\":\"SearchAction\",\"target\":{\"@type\":\"EntryPoint\",\"urlTemplate\":\"https:\/\/mountainxtra.com\/?s={search_term_string}\"},\"query-input\":{\"@type\":\"PropertyValueSpecification\",\"valueRequired\":true,\"valueName\":\"search_term_string\"}}],\"inLanguage\":\"fr-FR\"}]}<\/script>\n<!-- \/ Yoast SEO plugin. -->","yoast_head_json":{"title":"Management des Propri\u00e9t\u00e9s \u00e0 Morzine - MountainXtra","robots":{"index":"index","follow":"follow","max-snippet":"max-snippet:-1","max-image-preview":"max-image-preview:large","max-video-preview":"max-video-preview:-1"},"canonical":"https:\/\/mountainxtra.com\/fr\/management-des-proprietes-a-morzine\/","og_locale":"fr_FR","og_type":"article","og_title":"Management des Propri\u00e9t\u00e9s \u00e0 Morzine - MountainXtra","og_description":"Si vous poss\u00e9dez une propri\u00e9t\u00e9 ou une r\u00e9sidence secondaire \u00e0 Morzine ou envisagez d\u2019en acheter une, Mountain Xtra peut vous aider \u00e0 la g\u00e9rer et \u00e0 maximiser son potentiel de revenus. Nous g\u00e9n\u00e9rons d\u00e9j\u00e0 beaucoup de b\u00e9n\u00e9fices pour les autres propri\u00e9taires de Morzine. Nous pouvons vous aider \u00e0 d\u00e9velopper, r\u00e9nover, d\u00e9corer ou louer et entretenir...","og_url":"https:\/\/mountainxtra.com\/fr\/management-des-proprietes-a-morzine\/","og_site_name":"MountainXtra","article_publisher":"https:\/\/www.facebook.com\/mountainxtra\/","article_modified_time":"2021-01-08T08:10:01+00:00","og_image":[{"width":1045,"height":797,"url":"https:\/\/mountainxtra.com\/wp-content\/uploads\/2018\/11\/snow_covered_chalet.jpg","type":"image\/jpeg"}],"twitter_card":"summary_large_image","twitter_misc":{"Dur\u00e9e de lecture estim\u00e9e":"5 minutes"},"schema":{"@context":"https:\/\/schema.org","@graph":[{"@type":"WebPage","@id":"https:\/\/mountainxtra.com\/fr\/management-des-proprietes-a-morzine\/","url":"https:\/\/mountainxtra.com\/fr\/management-des-proprietes-a-morzine\/","name":"Management des Propri\u00e9t\u00e9s \u00e0 Morzine - MountainXtra","isPartOf":{"@id":"https:\/\/mountainxtra.com\/#website"},"primaryImageOfPage":{"@id":"https:\/\/mountainxtra.com\/fr\/management-des-proprietes-a-morzine\/#primaryimage"},"image":{"@id":"https:\/\/mountainxtra.com\/fr\/management-des-proprietes-a-morzine\/#primaryimage"},"thumbnailUrl":"https:\/\/mountainxtra.com\/wp-content\/uploads\/2018\/11\/snow_covered_chalet.jpg","datePublished":"2013-08-26T07:08:41+00:00","dateModified":"2021-01-08T08:10:01+00:00","breadcrumb":{"@id":"https:\/\/mountainxtra.com\/fr\/management-des-proprietes-a-morzine\/#breadcrumb"},"inLanguage":"fr-FR","potentialAction":[{"@type":"ReadAction","target":["https:\/\/mountainxtra.com\/fr\/management-des-proprietes-a-morzine\/"]}]},{"@type":"ImageObject","inLanguage":"fr-FR","@id":"https:\/\/mountainxtra.com\/fr\/management-des-proprietes-a-morzine\/#primaryimage","url":"https:\/\/mountainxtra.com\/wp-content\/uploads\/2018\/11\/snow_covered_chalet.jpg","contentUrl":"https:\/\/mountainxtra.com\/wp-content\/uploads\/2018\/11\/snow_covered_chalet.jpg","width":1045,"height":797},{"@type":"BreadcrumbList","@id":"https:\/\/mountainxtra.com\/fr\/management-des-proprietes-a-morzine\/#breadcrumb","itemListElement":[{"@type":"ListItem","position":1,"name":"Home","item":"https:\/\/mountainxtra.com\/fr\/"},{"@type":"ListItem","position":2,"name":"Management des Propri\u00e9t\u00e9s \u00e0 Morzine"}]},{"@type":"WebSite","@id":"https:\/\/mountainxtra.com\/#website","url":"https:\/\/mountainxtra.com\/","name":"MountainXtra","description":"","potentialAction":[{"@type":"SearchAction","target":{"@type":"EntryPoint","urlTemplate":"https:\/\/mountainxtra.com\/?s={search_term_string}"},"query-input":{"@type":"PropertyValueSpecification","valueRequired":true,"valueName":"search_term_string"}}],"inLanguage":"fr-FR"}]}},"_links":{"self":[{"href":"https:\/\/mountainxtra.com\/fr\/wp-json\/wp\/v2\/pages\/24283","targetHints":{"allow":["GET"]}}],"collection":[{"href":"https:\/\/mountainxtra.com\/fr\/wp-json\/wp\/v2\/pages"}],"about":[{"href":"https:\/\/mountainxtra.com\/fr\/wp-json\/wp\/v2\/types\/page"}],"author":[{"embeddable":true,"href":"https:\/\/mountainxtra.com\/fr\/wp-json\/wp\/v2\/users\/2"}],"replies":[{"embeddable":true,"href":"https:\/\/mountainxtra.com\/fr\/wp-json\/wp\/v2\/comments?post=24283"}],"version-history":[{"count":1,"href":"https:\/\/mountainxtra.com\/fr\/wp-json\/wp\/v2\/pages\/24283\/revisions"}],"predecessor-version":[{"id":24284,"href":"https:\/\/mountainxtra.com\/fr\/wp-json\/wp\/v2\/pages\/24283\/revisions\/24284"}],"wp:featuredmedia":[{"embeddable":true,"href":"https:\/\/mountainxtra.com\/fr\/wp-json\/wp\/v2\/media\/22326"}],"wp:attachment":[{"href":"https:\/\/mountainxtra.com\/fr\/wp-json\/wp\/v2\/media?parent=24283"}],"wp:term":[{"taxonomy":"category","embeddable":true,"href":"https:\/\/mountainxtra.com\/fr\/wp-json\/wp\/v2\/categories?post=24283"}],"curies":[{"name":"wp","href":"https:\/\/api.w.org\/{rel}","templated":true}]}}