{"id":24281,"date":"2013-08-10T11:16:58","date_gmt":"2013-08-10T10:16:58","guid":{"rendered":"https:\/\/mountainxtra.com\/?page_id=24281"},"modified":"2021-01-08T08:10:01","modified_gmt":"2021-01-08T08:10:01","slug":"maintenance-des-proprietes","status":"publish","type":"page","link":"https:\/\/mountainxtra.com\/fr\/maintenance-des-proprietes\/","title":{"rendered":"maintenance des propri\u00e9t\u00e9s"},"content":{"rendered":"<p>Des options et des conseils d&rsquo;entretien des propri\u00e9t\u00e9s sont disponibles pour nos propri\u00e9taires. Pour vous renseigner sur la gestion compl\u00e8te et la publicit\u00e9 de votre propri\u00e9t\u00e9 sur Mountain Xtra, veuillez nous contacter. Les services d&rsquo;entretien de jardin et pour tondre l\u2019herbe sont \u00e0 la disposition de toute personne disposant d&rsquo;un jardin \u00e0 Morzine ou aux alentours\u2026<\/p>\n<p>Services pour tondre l\u2019herbe et<\/p>\n<p><span class=\"Apple-converted-space\">\u00a0<\/span>pour l\u2019entretien du jardin \u00e0 Morzine<\/p>\n<p><span class=\"Apple-converted-space\">\u00a0<\/span><\/p>\n<p>Pour r\u00e9server du jardinage ou pour obtenir un devis, veuillez appeler ou envoyer un SMS: +33649764771<\/p>\n<p>Les services de jardinage \u00e0 Morzine \/ aux Gets sont g\u00e9r\u00e9s par notre partenaire <b>\u00ab\u00a0Green Fingers Morzine\u00a0\u00bb.<\/b><\/p>\n<p>Ils fournissent des services professionnels d&rsquo;entretien du jardin et pour tondre l\u2019herbe \u00e0 Morzine, Montriond, aux Gets, Essert Romand, St Jean Du Aulps, La Grande Terche et aux alentours.<\/p>\n<p>Entretien du jardin<\/p>\n<p>Nos jardiniers tondront l\u2019herbe quand il est n\u00e9cessaire pendant les mois du printemps, d\u2019\u00e9t\u00e9 et d&rsquo;automne. Les autres domaines d\u2019entretien du jardin sont: tailler \/ planter \/ couper les haies \/ creuser dans la terre \/ enlever les mauvaises herbes \/ couper le bois pour le feu \/ le d\u00e9gagement du jardin \/ l&rsquo;entretien g\u00e9n\u00e9ral du jardin<\/p>\n<p>Pour tondre l\u2019herbe<\/p>\n<p>En quelques coupes, <b>Green Fingers Morzine<\/b> peut transformer vos jardins de jungle en jardin soign\u00e9 et bien entretenu. Nous enlevons les mauvaise herbes, nous arrosons, nous a\u00e9rerons et leur apporterons une attention particuli\u00e8re pour les faire ressortir pour compl\u00e9ter l\u2019esprit de votre chalet. Si les pissenlits ou les mauvaises herbes sont un probl\u00e8me dans votre jardin, faites-le nous savoir car nous avons quelques petits secrets pour les traiter et les garder \u00e0 distance.<\/p>\n<p>Tailler les haies<\/p>\n<p><b>Green Fingers Morzine<\/b> sont capables de couper, tailler et bien entretenir vos haies. Nous utilisons l&rsquo;\u00e9quipement de taille de haie motoris\u00e9 \u00e0 longue port\u00e9e pour remettre en forme vos arbres et haies. Nous pouvons \u00e9galement \u00e9liminer tous les d\u00e9chets de votre jardin pour vous.<\/p>\n<p>Pour r\u00e9server du jardinage ou pour obtenir un devis, veuillez appeler ou envoyer un SMS: +33649764771<\/p>\n","protected":false},"excerpt":{"rendered":"Des options et des conseils d&rsquo;entretien des propri\u00e9t\u00e9s sont disponibles pour nos propri\u00e9taires. Pour vous renseigner sur la gestion compl\u00e8te et la publicit\u00e9 de votre propri\u00e9t\u00e9 sur Mountain Xtra, veuillez nous contacter. Les services d&rsquo;entretien de jardin et pour tondre l\u2019herbe sont \u00e0 la disposition de toute personne disposant d&rsquo;un jardin \u00e0 Morzine ou aux&#8230;","protected":false},"author":2,"featured_media":22331,"parent":0,"menu_order":0,"comment_status":"closed","ping_status":"closed","template":"template-narrow-content.php","meta":{"_acf_changed":false,"footnotes":""},"categories":[],"class_list":["post-24281","page","type-page","status-publish","has-post-thumbnail","hentry"],"acf":[],"yoast_head":"<!-- This site is optimized with the Yoast SEO plugin v24.5 - https:\/\/yoast.com\/wordpress\/plugins\/seo\/ -->\n<title>maintenance des propri\u00e9t\u00e9s - MountainXtra<\/title>\n<meta name=\"description\" content=\"Services de tonte de gazon et d&#039;entretien de jardins pour Morzine, Les Gets, St Jean d&#039;Aulps, Montriond et ses environs.\" \/>\n<meta name=\"robots\" content=\"index, follow, max-snippet:-1, max-image-preview:large, max-video-preview:-1\" \/>\n<link rel=\"canonical\" href=\"https:\/\/mountainxtra.com\/fr\/maintenance-des-proprietes\/\" \/>\n<meta property=\"og:locale\" content=\"fr_FR\" \/>\n<meta property=\"og:type\" content=\"article\" \/>\n<meta property=\"og:title\" content=\"maintenance des propri\u00e9t\u00e9s - MountainXtra\" \/>\n<meta property=\"og:description\" content=\"Services de tonte de gazon et d&#039;entretien de jardins pour Morzine, Les Gets, St Jean d&#039;Aulps, Montriond et ses environs.\" \/>\n<meta property=\"og:url\" content=\"https:\/\/mountainxtra.com\/fr\/maintenance-des-proprietes\/\" \/>\n<meta property=\"og:site_name\" content=\"MountainXtra\" \/>\n<meta property=\"article:publisher\" content=\"https:\/\/www.facebook.com\/mountainxtra\/\" \/>\n<meta property=\"article:modified_time\" content=\"2021-01-08T08:10:01+00:00\" \/>\n<meta property=\"og:image\" content=\"https:\/\/mountainxtra.com\/wp-content\/uploads\/2018\/12\/rustic_chalet_mountains_v2.jpg\" \/>\n\t<meta property=\"og:image:width\" content=\"1900\" \/>\n\t<meta property=\"og:image:height\" content=\"973\" \/>\n\t<meta property=\"og:image:type\" content=\"image\/jpeg\" \/>\n<meta name=\"twitter:card\" content=\"summary_large_image\" \/>\n<meta name=\"twitter:label1\" content=\"Dur\u00e9e de lecture estim\u00e9e\" \/>\n\t<meta name=\"twitter:data1\" content=\"2 minutes\" \/>\n<script type=\"application\/ld+json\" class=\"yoast-schema-graph\">{\"@context\":\"https:\/\/schema.org\",\"@graph\":[{\"@type\":\"WebPage\",\"@id\":\"https:\/\/mountainxtra.com\/fr\/maintenance-des-proprietes\/\",\"url\":\"https:\/\/mountainxtra.com\/fr\/maintenance-des-proprietes\/\",\"name\":\"maintenance des propri\u00e9t\u00e9s - MountainXtra\",\"isPartOf\":{\"@id\":\"https:\/\/mountainxtra.com\/#website\"},\"primaryImageOfPage\":{\"@id\":\"https:\/\/mountainxtra.com\/fr\/maintenance-des-proprietes\/#primaryimage\"},\"image\":{\"@id\":\"https:\/\/mountainxtra.com\/fr\/maintenance-des-proprietes\/#primaryimage\"},\"thumbnailUrl\":\"https:\/\/mountainxtra.com\/wp-content\/uploads\/2018\/12\/rustic_chalet_mountains_v2.jpg\",\"datePublished\":\"2013-08-10T10:16:58+00:00\",\"dateModified\":\"2021-01-08T08:10:01+00:00\",\"description\":\"Services de tonte de gazon et d'entretien de jardins pour Morzine, Les Gets, St Jean d'Aulps, Montriond et ses environs.\",\"breadcrumb\":{\"@id\":\"https:\/\/mountainxtra.com\/fr\/maintenance-des-proprietes\/#breadcrumb\"},\"inLanguage\":\"fr-FR\",\"potentialAction\":[{\"@type\":\"ReadAction\",\"target\":[\"https:\/\/mountainxtra.com\/fr\/maintenance-des-proprietes\/\"]}]},{\"@type\":\"ImageObject\",\"inLanguage\":\"fr-FR\",\"@id\":\"https:\/\/mountainxtra.com\/fr\/maintenance-des-proprietes\/#primaryimage\",\"url\":\"https:\/\/mountainxtra.com\/wp-content\/uploads\/2018\/12\/rustic_chalet_mountains_v2.jpg\",\"contentUrl\":\"https:\/\/mountainxtra.com\/wp-content\/uploads\/2018\/12\/rustic_chalet_mountains_v2.jpg\",\"width\":1900,\"height\":973},{\"@type\":\"BreadcrumbList\",\"@id\":\"https:\/\/mountainxtra.com\/fr\/maintenance-des-proprietes\/#breadcrumb\",\"itemListElement\":[{\"@type\":\"ListItem\",\"position\":1,\"name\":\"Home\",\"item\":\"https:\/\/mountainxtra.com\/fr\/\"},{\"@type\":\"ListItem\",\"position\":2,\"name\":\"maintenance des propri\u00e9t\u00e9s\"}]},{\"@type\":\"WebSite\",\"@id\":\"https:\/\/mountainxtra.com\/#website\",\"url\":\"https:\/\/mountainxtra.com\/\",\"name\":\"MountainXtra\",\"description\":\"\",\"potentialAction\":[{\"@type\":\"SearchAction\",\"target\":{\"@type\":\"EntryPoint\",\"urlTemplate\":\"https:\/\/mountainxtra.com\/?s={search_term_string}\"},\"query-input\":{\"@type\":\"PropertyValueSpecification\",\"valueRequired\":true,\"valueName\":\"search_term_string\"}}],\"inLanguage\":\"fr-FR\"}]}<\/script>\n<!-- \/ Yoast SEO plugin. -->","yoast_head_json":{"title":"maintenance des propri\u00e9t\u00e9s - MountainXtra","description":"Services de tonte de gazon et d'entretien de jardins pour Morzine, Les Gets, St Jean d'Aulps, Montriond et ses environs.","robots":{"index":"index","follow":"follow","max-snippet":"max-snippet:-1","max-image-preview":"max-image-preview:large","max-video-preview":"max-video-preview:-1"},"canonical":"https:\/\/mountainxtra.com\/fr\/maintenance-des-proprietes\/","og_locale":"fr_FR","og_type":"article","og_title":"maintenance des propri\u00e9t\u00e9s - MountainXtra","og_description":"Services de tonte de gazon et d'entretien de jardins pour Morzine, Les Gets, St Jean d'Aulps, Montriond et ses environs.","og_url":"https:\/\/mountainxtra.com\/fr\/maintenance-des-proprietes\/","og_site_name":"MountainXtra","article_publisher":"https:\/\/www.facebook.com\/mountainxtra\/","article_modified_time":"2021-01-08T08:10:01+00:00","og_image":[{"width":1900,"height":973,"url":"https:\/\/mountainxtra.com\/wp-content\/uploads\/2018\/12\/rustic_chalet_mountains_v2.jpg","type":"image\/jpeg"}],"twitter_card":"summary_large_image","twitter_misc":{"Dur\u00e9e de lecture estim\u00e9e":"2 minutes"},"schema":{"@context":"https:\/\/schema.org","@graph":[{"@type":"WebPage","@id":"https:\/\/mountainxtra.com\/fr\/maintenance-des-proprietes\/","url":"https:\/\/mountainxtra.com\/fr\/maintenance-des-proprietes\/","name":"maintenance des propri\u00e9t\u00e9s - MountainXtra","isPartOf":{"@id":"https:\/\/mountainxtra.com\/#website"},"primaryImageOfPage":{"@id":"https:\/\/mountainxtra.com\/fr\/maintenance-des-proprietes\/#primaryimage"},"image":{"@id":"https:\/\/mountainxtra.com\/fr\/maintenance-des-proprietes\/#primaryimage"},"thumbnailUrl":"https:\/\/mountainxtra.com\/wp-content\/uploads\/2018\/12\/rustic_chalet_mountains_v2.jpg","datePublished":"2013-08-10T10:16:58+00:00","dateModified":"2021-01-08T08:10:01+00:00","description":"Services de tonte de gazon et d'entretien de jardins pour Morzine, Les Gets, St Jean d'Aulps, Montriond et ses environs.","breadcrumb":{"@id":"https:\/\/mountainxtra.com\/fr\/maintenance-des-proprietes\/#breadcrumb"},"inLanguage":"fr-FR","potentialAction":[{"@type":"ReadAction","target":["https:\/\/mountainxtra.com\/fr\/maintenance-des-proprietes\/"]}]},{"@type":"ImageObject","inLanguage":"fr-FR","@id":"https:\/\/mountainxtra.com\/fr\/maintenance-des-proprietes\/#primaryimage","url":"https:\/\/mountainxtra.com\/wp-content\/uploads\/2018\/12\/rustic_chalet_mountains_v2.jpg","contentUrl":"https:\/\/mountainxtra.com\/wp-content\/uploads\/2018\/12\/rustic_chalet_mountains_v2.jpg","width":1900,"height":973},{"@type":"BreadcrumbList","@id":"https:\/\/mountainxtra.com\/fr\/maintenance-des-proprietes\/#breadcrumb","itemListElement":[{"@type":"ListItem","position":1,"name":"Home","item":"https:\/\/mountainxtra.com\/fr\/"},{"@type":"ListItem","position":2,"name":"maintenance des propri\u00e9t\u00e9s"}]},{"@type":"WebSite","@id":"https:\/\/mountainxtra.com\/#website","url":"https:\/\/mountainxtra.com\/","name":"MountainXtra","description":"","potentialAction":[{"@type":"SearchAction","target":{"@type":"EntryPoint","urlTemplate":"https:\/\/mountainxtra.com\/?s={search_term_string}"},"query-input":{"@type":"PropertyValueSpecification","valueRequired":true,"valueName":"search_term_string"}}],"inLanguage":"fr-FR"}]}},"_links":{"self":[{"href":"https:\/\/mountainxtra.com\/fr\/wp-json\/wp\/v2\/pages\/24281","targetHints":{"allow":["GET"]}}],"collection":[{"href":"https:\/\/mountainxtra.com\/fr\/wp-json\/wp\/v2\/pages"}],"about":[{"href":"https:\/\/mountainxtra.com\/fr\/wp-json\/wp\/v2\/types\/page"}],"author":[{"embeddable":true,"href":"https:\/\/mountainxtra.com\/fr\/wp-json\/wp\/v2\/users\/2"}],"replies":[{"embeddable":true,"href":"https:\/\/mountainxtra.com\/fr\/wp-json\/wp\/v2\/comments?post=24281"}],"version-history":[{"count":1,"href":"https:\/\/mountainxtra.com\/fr\/wp-json\/wp\/v2\/pages\/24281\/revisions"}],"predecessor-version":[{"id":24282,"href":"https:\/\/mountainxtra.com\/fr\/wp-json\/wp\/v2\/pages\/24281\/revisions\/24282"}],"wp:featuredmedia":[{"embeddable":true,"href":"https:\/\/mountainxtra.com\/fr\/wp-json\/wp\/v2\/media\/22331"}],"wp:attachment":[{"href":"https:\/\/mountainxtra.com\/fr\/wp-json\/wp\/v2\/media?parent=24281"}],"wp:term":[{"taxonomy":"category","embeddable":true,"href":"https:\/\/mountainxtra.com\/fr\/wp-json\/wp\/v2\/categories?post=24281"}],"curies":[{"name":"wp","href":"https:\/\/api.w.org\/{rel}","templated":true}]}}