{"id":24255,"date":"2019-12-04T19:08:02","date_gmt":"2019-12-04T19:08:02","guid":{"rendered":"https:\/\/mountainxtra.com\/?page_id=24255"},"modified":"2021-01-22T12:43:48","modified_gmt":"2021-01-22T12:43:48","slug":"politique-environnementale","status":"publish","type":"page","link":"https:\/\/mountainxtra.com\/fr\/politique-environnementale\/","title":{"rendered":"Politique Environnementale"},"content":{"rendered":"<p>Il est certain que les questions environnementales dans le monde sont rest\u00e9s sans r\u00e9ponse depuis trop longtemps. Des dommages irr\u00e9versibles arrivent au monde et les pays d\u00e9clarent des urgences climatiques. M\u00eame s\u2019il est positif d&rsquo;admettre le probl\u00e8me, nos actions doivent suivre rapidement. Nous devons tous apporter des changements dans notre vie quotidienne si nous voulons faire une diff\u00e9rence.<\/p>\n<p>Nous savons que nous n\u2019allons pas r\u00e9soudre la crise environnementale massive du jour au lendemain, mais si nous apportons collectivement et syst\u00e9matiquement des changements, en \u00e9duquant et en partageant au fur et \u00e0 mesure, ensemble, nous pouvons faire une grande diff\u00e9rence.<\/p>\n<p>Mountain Xtra est extr\u00eamement fier de travailler en association avec une association locale \u00e0 but non lucratif Montagne Verte, une initiative locale visant \u00e0 promouvoir des solutions plus vertes pour les entreprises et les r\u00e9sidents de Morzine. Nous avons \u00e9t\u00e9 la toute premi\u00e8re entreprise \u00e0 rejoindre son programme d&rsquo;affiliation dans l&rsquo;\u00e9t\u00e9 de 2019 et \u00e0 faire des dons financiers pour aider leurs projets passionnants. Ensemble, notre objectif est de sauver nos hivers et de faire de Morzine la station de vacances la plus respectueuse de l&rsquo;environnement et la plus durable.<\/p>\n<p><b>Engagement environnemental de Mountain Xtra:<\/b><\/p>\n<p>Nous visons \u00e0 mettre en \u0153uvre les changements suivants, avec des engagements dans quatre domaines cl\u00e9s\u2026<\/p>\n<p><strong>Chalets<\/strong><\/p>\n<p>Utiliser des produits fabriqu\u00e9s de mani\u00e8re \u00e9thique et respectueux de l&rsquo;environnement lorsqu\u2019il est possible<\/p>\n<p>&#8211; Remplacez toutes les ampoules par des ampoules LED \u00e9co\u00e9nerg\u00e9tiques<\/p>\n<p>&#8211; Cesser les articles de toilette en plastique \u00e0 usage unique, en les rempla\u00e7ant par des savon solides gratuits, avec un emballage recyclable \/ compostable<\/p>\n<p>&#8211; Changer les th\u00e9s et caf\u00e9s gratuits pour une marque Fairtrade sans emballage plastique<\/p>\n<p>&#8211; Fournir des torchons \/ brosses r\u00e9utilisables et lavables, pour \u00e9liminer progressivement les \u00e9ponges en plastique<\/p>\n<p>&#8211; Fournir les propri\u00e9t\u00e9s ind\u00e9pendantes avec des sacs \u00e0 provisions r\u00e9utilisables<\/p>\n<p>&#8211; Fournir et encourager l&rsquo;utilisation du Tupperware, pour \u00e9liminer le film plastique et des sacs alimentaires en plastique<\/p>\n<p>&#8211; Propri\u00e9t\u00e9s avec des tasses \u00e0 caf\u00e9 thermiques r\u00e9utilisables, pour encourager les clients \u00e0 ne pas utiliser de gobelets jetables<\/p>\n<p>&#8211; Passez \u00e0 des sacs poubelles recycl\u00e9s sans p\u00e9trole<\/p>\n<p><strong>Nettoyage<\/strong><\/p>\n<p>&#8211; R\u00e9duire les produits chimiques pour des alternatives naturelles et vaporisateurs rechargeables<\/p>\n<p>&#8211; R\u00e9\u00e9valuer tous les produits de nettoyage pour vous assurer qu&rsquo;ils sont \u00e9cologiques et dans des emballages recyclables<\/p>\n<p>&#8211; N\u2019acheter que de la poudre \/ des produits pour lessive et lave-vaisselle \u00e9cologiques (au lieu de tablettes emball\u00e9es individuellement dans du plastique non recyclable)<\/p>\n<p>&#8211; Regrouper notre personnel de nettoyage en \u00e9quipes afin qu&rsquo;ils n&rsquo;utilisent qu&rsquo;une seule voiture<\/p>\n<p><strong>\u00c9ducation<\/strong><\/p>\n<p>&#8211; \u00c9duquer le personnel, les clients et les propri\u00e9taires pour \u00e9conomiser de l&rsquo;\u00e9nergie en baissant le chauffage, en \u00e9teignant les lumi\u00e8res et en d\u00e9branchant les appareils \u00e9lectriques lorsqu&rsquo;ils ne sont pas n\u00e9cessaires \/ non utilis\u00e9s<\/p>\n<p>&#8211; \u00c9duquer le personnel et les invit\u00e9s sur les trois R du recyclage<\/p>\n<p>&#8211; Fournir des \u00abnotes \u00e9ducatives\u00bb pour que les invit\u00e9s ne jettent rien d&rsquo;autre que des d\u00e9chets humains et du papier toilette dans les toilettes (pas de couche pour b\u00e9b\u00e9 ni de produits menstruels)<\/p>\n<p><strong>Autres pratiques commerciales<\/strong><\/p>\n<p>&#8211; Traiter les emballages plastiques inutiles utilis\u00e9s par les fournisseurs<\/p>\n<p>&#8211; Mener des recherches sur les clients, le personnel et les fournisseurs dans d&rsquo;autres domaines \u00e0 am\u00e9liorer<\/p>\n<p>&#8211; Compensation carbone 100% de nos activit\u00e9s op\u00e9rationnelles commerciales pour 2020<\/p>\n<p>&#8211; Introduire un outil de calcul \/ don de compensation carbone, pour permettre aux clients de compenser l&rsquo;impact carbone de leurs vacances<\/p>\n<p>Et enfin\u2026<\/p>\n<p>Invit\u00e9s &#8211; Que pouvez-vous faire?<\/p>\n<p>1. <b>Attention au chauffage<\/b> &#8211; \u00e9vitez de faire monter le chauffage et d&rsquo;ouvrir les fen\u00eatres ou les portes pour compenser<\/p>\n<p>2. <b>\u00c9teignez les lumi\u00e8res <\/b>(et baissez le chauffage) lorsque vous quittez la propri\u00e9t\u00e9<\/p>\n<p>3. <b>Utilisez l&rsquo;eau chaude avec prudence<\/b> (par exemple, une douche par jour ou partager un bain!)<\/p>\n<p>4. <b>WC<\/b> pour d\u00e9chets humains et papier toilette uniquement (utilisez la poubelle pour tout le reste)<\/p>\n<p>5. <b>Achetez des produits qui respecte l&rsquo;environnement <\/b>(par exemple, pas d&rsquo;huile de palme ou de plastique \u00e0 usage unique)<\/p>\n<p>6.<b> R\u00e9duisez, r\u00e9utilisez, recyclez!<\/b><\/p>\n<p>7. <b>Ne laissez aucune trace<\/b> sur les montagnes (ramenez vos d\u00e9chets avec vous)<\/p>\n<p>8. <b>Compensation carbone <\/b>de vos vacances (vol et voyage sur la route)<\/p>\n<p>9. <b>Donnez<\/b> ce que vous pouvez (suggestion 5 \u20ac) \u00e0 Montagne Verte (une association \u00e0 but non lucratif) afin qu&rsquo;elle puisse employer un directeur d\u00e9di\u00e9 au d\u00e9veloppement durable et investir dans des initiatives environnementales locales.<\/p>\n","protected":false},"excerpt":{"rendered":"Il est certain que les questions environnementales dans le monde sont rest\u00e9s sans r\u00e9ponse depuis trop longtemps. Des dommages irr\u00e9versibles arrivent au monde et les pays d\u00e9clarent des urgences climatiques. M\u00eame s\u2019il est positif d&rsquo;admettre le probl\u00e8me, nos actions doivent suivre rapidement. Nous devons tous apporter des changements dans notre vie quotidienne si nous voulons&#8230;","protected":false},"author":2,"featured_media":0,"parent":0,"menu_order":0,"comment_status":"closed","ping_status":"closed","template":"","meta":{"_acf_changed":false,"footnotes":""},"categories":[],"class_list":["post-24255","page","type-page","status-publish","hentry"],"acf":[],"yoast_head":"<!-- This site is optimized with the Yoast SEO plugin v24.5 - https:\/\/yoast.com\/wordpress\/plugins\/seo\/ -->\n<title>Politique Environnementale - MountainXtra<\/title>\n<meta name=\"description\" content=\"Mountain Xtra est une entreprise \u00e9co-responsable engag\u00e9e \u00e0 r\u00e9duire notre empreinte carbone et notre impact sur l&#039;environnement\" \/>\n<meta name=\"robots\" content=\"index, follow, max-snippet:-1, max-image-preview:large, max-video-preview:-1\" \/>\n<link rel=\"canonical\" href=\"https:\/\/mountainxtra.com\/fr\/politique-environnementale\/\" \/>\n<meta property=\"og:locale\" content=\"fr_FR\" \/>\n<meta property=\"og:type\" content=\"article\" \/>\n<meta property=\"og:title\" content=\"Politique Environnementale - MountainXtra\" \/>\n<meta property=\"og:description\" content=\"Mountain Xtra est une entreprise \u00e9co-responsable engag\u00e9e \u00e0 r\u00e9duire notre empreinte carbone et notre impact sur l&#039;environnement\" \/>\n<meta property=\"og:url\" content=\"https:\/\/mountainxtra.com\/fr\/politique-environnementale\/\" \/>\n<meta property=\"og:site_name\" content=\"MountainXtra\" \/>\n<meta property=\"article:publisher\" content=\"https:\/\/www.facebook.com\/mountainxtra\/\" \/>\n<meta property=\"article:modified_time\" content=\"2021-01-22T12:43:48+00:00\" \/>\n<meta name=\"twitter:card\" content=\"summary_large_image\" \/>\n<meta name=\"twitter:label1\" content=\"Dur\u00e9e de lecture estim\u00e9e\" \/>\n\t<meta name=\"twitter:data1\" content=\"4 minutes\" \/>\n<script type=\"application\/ld+json\" class=\"yoast-schema-graph\">{\"@context\":\"https:\/\/schema.org\",\"@graph\":[{\"@type\":\"WebPage\",\"@id\":\"https:\/\/mountainxtra.com\/fr\/politique-environnementale\/\",\"url\":\"https:\/\/mountainxtra.com\/fr\/politique-environnementale\/\",\"name\":\"Politique Environnementale - MountainXtra\",\"isPartOf\":{\"@id\":\"https:\/\/mountainxtra.com\/#website\"},\"datePublished\":\"2019-12-04T19:08:02+00:00\",\"dateModified\":\"2021-01-22T12:43:48+00:00\",\"description\":\"Mountain Xtra est une entreprise \u00e9co-responsable engag\u00e9e \u00e0 r\u00e9duire notre empreinte carbone et notre impact sur l'environnement\",\"breadcrumb\":{\"@id\":\"https:\/\/mountainxtra.com\/fr\/politique-environnementale\/#breadcrumb\"},\"inLanguage\":\"fr-FR\",\"potentialAction\":[{\"@type\":\"ReadAction\",\"target\":[\"https:\/\/mountainxtra.com\/fr\/politique-environnementale\/\"]}]},{\"@type\":\"BreadcrumbList\",\"@id\":\"https:\/\/mountainxtra.com\/fr\/politique-environnementale\/#breadcrumb\",\"itemListElement\":[{\"@type\":\"ListItem\",\"position\":1,\"name\":\"Home\",\"item\":\"https:\/\/mountainxtra.com\/fr\/\"},{\"@type\":\"ListItem\",\"position\":2,\"name\":\"Politique Environnementale\"}]},{\"@type\":\"WebSite\",\"@id\":\"https:\/\/mountainxtra.com\/#website\",\"url\":\"https:\/\/mountainxtra.com\/\",\"name\":\"MountainXtra\",\"description\":\"\",\"potentialAction\":[{\"@type\":\"SearchAction\",\"target\":{\"@type\":\"EntryPoint\",\"urlTemplate\":\"https:\/\/mountainxtra.com\/?s={search_term_string}\"},\"query-input\":{\"@type\":\"PropertyValueSpecification\",\"valueRequired\":true,\"valueName\":\"search_term_string\"}}],\"inLanguage\":\"fr-FR\"}]}<\/script>\n<!-- \/ Yoast SEO plugin. -->","yoast_head_json":{"title":"Politique Environnementale - MountainXtra","description":"Mountain Xtra est une entreprise \u00e9co-responsable engag\u00e9e \u00e0 r\u00e9duire notre empreinte carbone et notre impact sur l'environnement","robots":{"index":"index","follow":"follow","max-snippet":"max-snippet:-1","max-image-preview":"max-image-preview:large","max-video-preview":"max-video-preview:-1"},"canonical":"https:\/\/mountainxtra.com\/fr\/politique-environnementale\/","og_locale":"fr_FR","og_type":"article","og_title":"Politique Environnementale - MountainXtra","og_description":"Mountain Xtra est une entreprise \u00e9co-responsable engag\u00e9e \u00e0 r\u00e9duire notre empreinte carbone et notre impact sur l'environnement","og_url":"https:\/\/mountainxtra.com\/fr\/politique-environnementale\/","og_site_name":"MountainXtra","article_publisher":"https:\/\/www.facebook.com\/mountainxtra\/","article_modified_time":"2021-01-22T12:43:48+00:00","twitter_card":"summary_large_image","twitter_misc":{"Dur\u00e9e de lecture estim\u00e9e":"4 minutes"},"schema":{"@context":"https:\/\/schema.org","@graph":[{"@type":"WebPage","@id":"https:\/\/mountainxtra.com\/fr\/politique-environnementale\/","url":"https:\/\/mountainxtra.com\/fr\/politique-environnementale\/","name":"Politique Environnementale - MountainXtra","isPartOf":{"@id":"https:\/\/mountainxtra.com\/#website"},"datePublished":"2019-12-04T19:08:02+00:00","dateModified":"2021-01-22T12:43:48+00:00","description":"Mountain Xtra est une entreprise \u00e9co-responsable engag\u00e9e \u00e0 r\u00e9duire notre empreinte carbone et notre impact sur l'environnement","breadcrumb":{"@id":"https:\/\/mountainxtra.com\/fr\/politique-environnementale\/#breadcrumb"},"inLanguage":"fr-FR","potentialAction":[{"@type":"ReadAction","target":["https:\/\/mountainxtra.com\/fr\/politique-environnementale\/"]}]},{"@type":"BreadcrumbList","@id":"https:\/\/mountainxtra.com\/fr\/politique-environnementale\/#breadcrumb","itemListElement":[{"@type":"ListItem","position":1,"name":"Home","item":"https:\/\/mountainxtra.com\/fr\/"},{"@type":"ListItem","position":2,"name":"Politique Environnementale"}]},{"@type":"WebSite","@id":"https:\/\/mountainxtra.com\/#website","url":"https:\/\/mountainxtra.com\/","name":"MountainXtra","description":"","potentialAction":[{"@type":"SearchAction","target":{"@type":"EntryPoint","urlTemplate":"https:\/\/mountainxtra.com\/?s={search_term_string}"},"query-input":{"@type":"PropertyValueSpecification","valueRequired":true,"valueName":"search_term_string"}}],"inLanguage":"fr-FR"}]}},"_links":{"self":[{"href":"https:\/\/mountainxtra.com\/fr\/wp-json\/wp\/v2\/pages\/24255","targetHints":{"allow":["GET"]}}],"collection":[{"href":"https:\/\/mountainxtra.com\/fr\/wp-json\/wp\/v2\/pages"}],"about":[{"href":"https:\/\/mountainxtra.com\/fr\/wp-json\/wp\/v2\/types\/page"}],"author":[{"embeddable":true,"href":"https:\/\/mountainxtra.com\/fr\/wp-json\/wp\/v2\/users\/2"}],"replies":[{"embeddable":true,"href":"https:\/\/mountainxtra.com\/fr\/wp-json\/wp\/v2\/comments?post=24255"}],"version-history":[{"count":3,"href":"https:\/\/mountainxtra.com\/fr\/wp-json\/wp\/v2\/pages\/24255\/revisions"}],"predecessor-version":[{"id":24555,"href":"https:\/\/mountainxtra.com\/fr\/wp-json\/wp\/v2\/pages\/24255\/revisions\/24555"}],"wp:attachment":[{"href":"https:\/\/mountainxtra.com\/fr\/wp-json\/wp\/v2\/media?parent=24255"}],"wp:term":[{"taxonomy":"category","embeddable":true,"href":"https:\/\/mountainxtra.com\/fr\/wp-json\/wp\/v2\/categories?post=24255"}],"curies":[{"name":"wp","href":"https:\/\/api.w.org\/{rel}","templated":true}]}}