{"id":23115,"date":"2020-09-22T11:41:21","date_gmt":"2020-09-22T10:41:21","guid":{"rendered":"https:\/\/mountainxtra.com\/?page_id=23115"},"modified":"2022-03-04T12:32:54","modified_gmt":"2022-03-04T12:32:54","slug":"conditions-de-reservation-flexibles","status":"publish","type":"page","link":"https:\/\/mountainxtra.com\/fr\/conditions-de-reservation-flexibles\/","title":{"rendered":"Conditions de r\u00e9servation flexibles"},"content":{"rendered":"<p><strong>Conditions de r\u00e9servation flexibles<\/strong><\/p>\n<p>Si vous souhaitez \u00e9changer vos dates de vacances pour quelque raison que ce soit, vous pouvez le faire gratuitement avant la date d&rsquo;\u00e9ch\u00e9ance du paiement du solde final &#8211; 4 SEMAINES AVANT VOTRE DATE D&rsquo;ARRIV\u00c9E. Nous vous d\u00e9livrerons une note de cr\u00e9dit pour les frais de r\u00e9servation de 25\u00a0% que vous avez d\u00e9j\u00e0 pay\u00e9s et que vous pourrez utiliser pour r\u00e9server des dates futures (\u00e9t\u00e9 ou hiver) dans n&rsquo;importe quelle propri\u00e9t\u00e9 Mountain Xtra. Vous devez nous informer par \u00e9crit avant l&rsquo;\u00e9ch\u00e9ance du paiement de votre solde et les nouvelles dates de vacances que vous souhaitez r\u00e9server doivent \u00eatre dans les 24 mois \u00e0 compter de la date de d\u00e9but des vacances d&rsquo;origine.<\/p>\n<p>Vous pouvez utiliser la politique de r\u00e9servation flexible une fois gratuitement. Si ce n&rsquo;est plus la premi\u00e8re fois (c&rsquo;est-\u00e0-dire la deuxi\u00e8me fois ou plus) que vous souhaitez \u00e9changer vos dates de vacances (y compris avec l&rsquo;utilisation d&rsquo;une note de cr\u00e9dit), des frais administratifs de 65 \u00a3 s&rsquo;appliquent et la nouvelle r\u00e9servation de vacances doit toujours \u00eatre dans une p\u00e9riode de 24 mois \u00e0 compter de la premi\u00e8re date d&rsquo;arriv\u00e9e initiale des vacances que vous avez r\u00e9serv\u00e9e.<\/p>\n<p>&nbsp;<\/p>\n<p>&nbsp;<\/p>\n<p>&nbsp;<\/p>\n<p><strong>Covid-19 <\/strong>Pour les r\u00e9servations commen\u00e7ant avant le 24 avril 2022.<\/p>\n<p>Note de cr\u00e9dit de 100\u00a0% ou remboursement de 75\u00a0%<\/p>\n<p>Si la date de d\u00e9but de vos vacances est inf\u00e9rieure \u00e0 4 semaines avant l&rsquo;arriv\u00e9e et qu&rsquo;une ou plusieurs des raisons suivantes (num\u00e9rot\u00e9es de 1 \u00e0 4 ci-dessous) s&rsquo;appliquent<\/p>\n<p>Fermeture des fronti\u00e8res\u00a0de votre pays de r\u00e9sidence en raison des restrictions de voyage li\u00e9es au Covid\u00a019, y compris des mesures de confinement locales ou nationales (ou fermeture des fronti\u00e8res de la Suisse dans le cas o\u00f9 vous vous rendez \u00e0 Gen\u00e8ve).<br \/>\nFermeture de la station\u00a0de Morzine ou des Gets par les autorit\u00e9s fran\u00e7aises.<br \/>\nConseils du bureau des \u00e9trangers dans votre pays d&rsquo;origine de ne pas voyager en France.<br \/>\nR\u00e8gles de quarantaine impos\u00e9es aux voyageurs en France.<\/p>\n<p>Nous vous d\u00e9livrerons une note de cr\u00e9dit de 100\u00a0% \u00e0 utiliser pour toute future propri\u00e9t\u00e9 de vacances r\u00e9serv\u00e9e via Mountain Xtra (\u00e9t\u00e9 ou hiver) dans un d\u00e9lai de 24\u00a0mois \u00e0 compter de la date d&rsquo;arriv\u00e9e de votre premi\u00e8re r\u00e9servation de vacances initiale.<\/p>\n<p>Si vous ne souhaitez pas accepter une note de cr\u00e9dit de 100\u00a0%, veuillez nous en informer par \u00e9crit avant votre date d&rsquo;arriv\u00e9e initiale et nous vous rembourserons le paiement du solde de 75\u00a0%.<\/p>\n<p>Si votre date d&rsquo;arriv\u00e9e de vacances est dans plus de 4 semaines et que le solde final n&rsquo;a pas \u00e9t\u00e9 pay\u00e9 et que vous souhaitez \u00e9changer vos dates de vacances pour une raison quelconque, vous pouvez le faire via notre politique de r\u00e9servation flexible.<\/p>\n<p>&nbsp;<\/p>\n<p><strong>Annulation<\/strong><\/p>\n<p>Les frais de r\u00e9servation de 25\u00a0% sont NON REMBOURSABLES en toutes circonstances. Ces frais couvrent les frais g\u00e9n\u00e9raux fixes et les frais de fonctionnement administratifs non r\u00e9cup\u00e9rables, y compris, mais pas exclusivement, la publicit\u00e9, les frais de personnel, les frais de traitement des cartes et toutes les d\u00e9penses administratives ult\u00e9rieures li\u00e9es au traitement des annulations ou \u00e0 l&rsquo;\u00e9change de dates de vacances.<\/p>\n<p>Si vous annulez vos vacances moins de 4 semaines avant votre date d&rsquo;arriv\u00e9e et qu&rsquo;aucune des raisons (num\u00e9rot\u00e9es de 1 \u00e0 4) indiqu\u00e9es dans la politique Covid-19 ne s&rsquo;applique, aucune partie du prix des vacances n&rsquo;est remboursable. Si le paiement final n&rsquo;a pas \u00e9t\u00e9 effectu\u00e9 et que vous annulez vos vacances moins de 4 semaines avant votre date d&rsquo;arriv\u00e9e, vous \u00eates toujours tenu de payer 100% du co\u00fbt total d\u00fb de vos vacances.<\/p>\n<p>&nbsp;<\/p>\n<p>Veuillez vous assurer que vous avez \u00e9galement lu et compris toutes nos conditions g\u00e9n\u00e9rales standard en plus des d\u00e9tails sur cette page.<\/p>\n<p>&nbsp;<\/p>\n<p>Les conditions de r\u00e9servation flexibles + la politique Covid 19 doivent \u00eatre lues conjointement avec nos conditions g\u00e9n\u00e9rales disponibles ici (\u00ab\u00a0les conditions g\u00e9n\u00e9rales\u00a0\u00bb). La politique Covid 19, s&rsquo;applique pour les r\u00e9servations effectu\u00e9es du 20\/04\/20 au 24\/04\/22.<\/p>\n","protected":false},"excerpt":{"rendered":"Conditions de r\u00e9servation flexibles Si vous souhaitez \u00e9changer vos dates de vacances pour quelque raison que ce soit, vous pouvez le faire gratuitement avant la date d&rsquo;\u00e9ch\u00e9ance du paiement du solde final &#8211; 4 SEMAINES AVANT VOTRE DATE D&rsquo;ARRIV\u00c9E. Nous vous d\u00e9livrerons une note de cr\u00e9dit pour les frais de r\u00e9servation de 25\u00a0% que vous&#8230;","protected":false},"author":2,"featured_media":0,"parent":0,"menu_order":0,"comment_status":"closed","ping_status":"closed","template":"","meta":{"_acf_changed":false,"footnotes":""},"categories":[],"class_list":["post-23115","page","type-page","status-publish","hentry"],"acf":[],"yoast_head":"<!-- This site is optimized with the Yoast SEO plugin v24.5 - https:\/\/yoast.com\/wordpress\/plugins\/seo\/ -->\n<title>Conditions de r\u00e9servation flexibles - MountainXtra<\/title>\n<meta name=\"robots\" content=\"index, follow, max-snippet:-1, max-image-preview:large, max-video-preview:-1\" \/>\n<link rel=\"canonical\" href=\"https:\/\/mountainxtra.com\/fr\/conditions-de-reservation-flexibles\/\" \/>\n<meta property=\"og:locale\" content=\"fr_FR\" \/>\n<meta property=\"og:type\" content=\"article\" \/>\n<meta property=\"og:title\" content=\"Conditions de r\u00e9servation flexibles - MountainXtra\" \/>\n<meta property=\"og:description\" content=\"Conditions de r\u00e9servation flexibles Si vous souhaitez \u00e9changer vos dates de vacances pour quelque raison que ce soit, vous pouvez le faire gratuitement avant la date d&rsquo;\u00e9ch\u00e9ance du paiement du solde final &#8211; 4 SEMAINES AVANT VOTRE DATE D&rsquo;ARRIV\u00c9E. Nous vous d\u00e9livrerons une note de cr\u00e9dit pour les frais de r\u00e9servation de 25\u00a0% que vous...\" \/>\n<meta property=\"og:url\" content=\"https:\/\/mountainxtra.com\/fr\/conditions-de-reservation-flexibles\/\" \/>\n<meta property=\"og:site_name\" content=\"MountainXtra\" \/>\n<meta property=\"article:publisher\" content=\"https:\/\/www.facebook.com\/mountainxtra\/\" \/>\n<meta property=\"article:modified_time\" content=\"2022-03-04T12:32:54+00:00\" \/>\n<meta name=\"twitter:card\" content=\"summary_large_image\" \/>\n<meta name=\"twitter:label1\" content=\"Dur\u00e9e de lecture estim\u00e9e\" \/>\n\t<meta name=\"twitter:data1\" content=\"3 minutes\" \/>\n<script type=\"application\/ld+json\" class=\"yoast-schema-graph\">{\"@context\":\"https:\/\/schema.org\",\"@graph\":[{\"@type\":\"WebPage\",\"@id\":\"https:\/\/mountainxtra.com\/fr\/conditions-de-reservation-flexibles\/\",\"url\":\"https:\/\/mountainxtra.com\/fr\/conditions-de-reservation-flexibles\/\",\"name\":\"Conditions de r\u00e9servation flexibles - MountainXtra\",\"isPartOf\":{\"@id\":\"https:\/\/mountainxtra.com\/#website\"},\"datePublished\":\"2020-09-22T10:41:21+00:00\",\"dateModified\":\"2022-03-04T12:32:54+00:00\",\"breadcrumb\":{\"@id\":\"https:\/\/mountainxtra.com\/fr\/conditions-de-reservation-flexibles\/#breadcrumb\"},\"inLanguage\":\"fr-FR\",\"potentialAction\":[{\"@type\":\"ReadAction\",\"target\":[\"https:\/\/mountainxtra.com\/fr\/conditions-de-reservation-flexibles\/\"]}]},{\"@type\":\"BreadcrumbList\",\"@id\":\"https:\/\/mountainxtra.com\/fr\/conditions-de-reservation-flexibles\/#breadcrumb\",\"itemListElement\":[{\"@type\":\"ListItem\",\"position\":1,\"name\":\"Home\",\"item\":\"https:\/\/mountainxtra.com\/fr\/\"},{\"@type\":\"ListItem\",\"position\":2,\"name\":\"Conditions de r\u00e9servation flexibles\"}]},{\"@type\":\"WebSite\",\"@id\":\"https:\/\/mountainxtra.com\/#website\",\"url\":\"https:\/\/mountainxtra.com\/\",\"name\":\"MountainXtra\",\"description\":\"\",\"potentialAction\":[{\"@type\":\"SearchAction\",\"target\":{\"@type\":\"EntryPoint\",\"urlTemplate\":\"https:\/\/mountainxtra.com\/?s={search_term_string}\"},\"query-input\":{\"@type\":\"PropertyValueSpecification\",\"valueRequired\":true,\"valueName\":\"search_term_string\"}}],\"inLanguage\":\"fr-FR\"}]}<\/script>\n<!-- \/ Yoast SEO plugin. -->","yoast_head_json":{"title":"Conditions de r\u00e9servation flexibles - MountainXtra","robots":{"index":"index","follow":"follow","max-snippet":"max-snippet:-1","max-image-preview":"max-image-preview:large","max-video-preview":"max-video-preview:-1"},"canonical":"https:\/\/mountainxtra.com\/fr\/conditions-de-reservation-flexibles\/","og_locale":"fr_FR","og_type":"article","og_title":"Conditions de r\u00e9servation flexibles - MountainXtra","og_description":"Conditions de r\u00e9servation flexibles Si vous souhaitez \u00e9changer vos dates de vacances pour quelque raison que ce soit, vous pouvez le faire gratuitement avant la date d&rsquo;\u00e9ch\u00e9ance du paiement du solde final &#8211; 4 SEMAINES AVANT VOTRE DATE D&rsquo;ARRIV\u00c9E. Nous vous d\u00e9livrerons une note de cr\u00e9dit pour les frais de r\u00e9servation de 25\u00a0% que vous...","og_url":"https:\/\/mountainxtra.com\/fr\/conditions-de-reservation-flexibles\/","og_site_name":"MountainXtra","article_publisher":"https:\/\/www.facebook.com\/mountainxtra\/","article_modified_time":"2022-03-04T12:32:54+00:00","twitter_card":"summary_large_image","twitter_misc":{"Dur\u00e9e de lecture estim\u00e9e":"3 minutes"},"schema":{"@context":"https:\/\/schema.org","@graph":[{"@type":"WebPage","@id":"https:\/\/mountainxtra.com\/fr\/conditions-de-reservation-flexibles\/","url":"https:\/\/mountainxtra.com\/fr\/conditions-de-reservation-flexibles\/","name":"Conditions de r\u00e9servation flexibles - MountainXtra","isPartOf":{"@id":"https:\/\/mountainxtra.com\/#website"},"datePublished":"2020-09-22T10:41:21+00:00","dateModified":"2022-03-04T12:32:54+00:00","breadcrumb":{"@id":"https:\/\/mountainxtra.com\/fr\/conditions-de-reservation-flexibles\/#breadcrumb"},"inLanguage":"fr-FR","potentialAction":[{"@type":"ReadAction","target":["https:\/\/mountainxtra.com\/fr\/conditions-de-reservation-flexibles\/"]}]},{"@type":"BreadcrumbList","@id":"https:\/\/mountainxtra.com\/fr\/conditions-de-reservation-flexibles\/#breadcrumb","itemListElement":[{"@type":"ListItem","position":1,"name":"Home","item":"https:\/\/mountainxtra.com\/fr\/"},{"@type":"ListItem","position":2,"name":"Conditions de r\u00e9servation flexibles"}]},{"@type":"WebSite","@id":"https:\/\/mountainxtra.com\/#website","url":"https:\/\/mountainxtra.com\/","name":"MountainXtra","description":"","potentialAction":[{"@type":"SearchAction","target":{"@type":"EntryPoint","urlTemplate":"https:\/\/mountainxtra.com\/?s={search_term_string}"},"query-input":{"@type":"PropertyValueSpecification","valueRequired":true,"valueName":"search_term_string"}}],"inLanguage":"fr-FR"}]}},"_links":{"self":[{"href":"https:\/\/mountainxtra.com\/fr\/wp-json\/wp\/v2\/pages\/23115","targetHints":{"allow":["GET"]}}],"collection":[{"href":"https:\/\/mountainxtra.com\/fr\/wp-json\/wp\/v2\/pages"}],"about":[{"href":"https:\/\/mountainxtra.com\/fr\/wp-json\/wp\/v2\/types\/page"}],"author":[{"embeddable":true,"href":"https:\/\/mountainxtra.com\/fr\/wp-json\/wp\/v2\/users\/2"}],"replies":[{"embeddable":true,"href":"https:\/\/mountainxtra.com\/fr\/wp-json\/wp\/v2\/comments?post=23115"}],"version-history":[{"count":4,"href":"https:\/\/mountainxtra.com\/fr\/wp-json\/wp\/v2\/pages\/23115\/revisions"}],"predecessor-version":[{"id":28317,"href":"https:\/\/mountainxtra.com\/fr\/wp-json\/wp\/v2\/pages\/23115\/revisions\/28317"}],"wp:attachment":[{"href":"https:\/\/mountainxtra.com\/fr\/wp-json\/wp\/v2\/media?parent=23115"}],"wp:term":[{"taxonomy":"category","embeddable":true,"href":"https:\/\/mountainxtra.com\/fr\/wp-json\/wp\/v2\/categories?post=23115"}],"curies":[{"name":"wp","href":"https:\/\/api.w.org\/{rel}","templated":true}]}}