{"id":21734,"date":"2013-08-13T09:14:49","date_gmt":"2013-08-13T08:14:49","guid":{"rendered":"https:\/\/mountainxtra.com\/?page_id=21734"},"modified":"2021-01-08T08:10:03","modified_gmt":"2021-01-08T08:10:03","slug":"a-propos-de-nous","status":"publish","type":"page","link":"https:\/\/mountainxtra.com\/fr\/a-propos-de-nous\/","title":{"rendered":"\u00c0 propos de nous"},"content":{"rendered":"<p>Nous esp\u00e9rons que vous appr\u00e9ciez notre site web, la simplicit\u00e9 de l\u2019outil de recherche, la r\u00e9servation claire en ligne et le paiement s\u00e9curis\u00e9 par carte. Nous sommes impatients de vous accueillir bient\u00f4t dans la station.<span class=\"Apple-converted-space\">\u00a0<\/span><\/p>\n<p><img loading=\"lazy\" decoding=\"async\" class=\"alignnone wp-image-20641 size-medium img-fluid\" src=\"https:\/\/mountainxtra.com\/wp-content\/uploads\/2020\/01\/IMG_9588-300x228.jpg\" alt=\"\" width=\"300\" height=\"228\" srcset=\"https:\/\/mountainxtra.com\/wp-content\/uploads\/2020\/01\/IMG_9588-300x228.jpg 300w, https:\/\/mountainxtra.com\/wp-content\/uploads\/2020\/01\/IMG_9588-768x584.jpg 768w, https:\/\/mountainxtra.com\/wp-content\/uploads\/2020\/01\/IMG_9588-1024x778.jpg 1024w, https:\/\/mountainxtra.com\/wp-content\/uploads\/2020\/01\/IMG_9588.jpg 1629w\" sizes=\"auto, (max-width: 300px) 100vw, 300px\" \/><\/p>\n<p>Nous adorons le snowboard, le VTT, la randonn\u00e9e, le ski et tout ce qui concerne les Alpes, nous avons une v\u00e9ritable passion pour la montagne et nous adorons notre travail en offrant des vacances de haute qualit\u00e9 dans des propri\u00e9t\u00e9s \u00e9l\u00e9gantes de montagne. Pour nous, la meilleure chose c\u2019est de savoir que les clients sont eux aussi tomb\u00e9s amoureux des Alpes ou ont une passion pour le ski, le snowboard, le v\u00e9lo ou l&rsquo;un des autres sports d&rsquo;adr\u00e9naline incroyables ou l&rsquo;une des activit\u00e9s relaxantes qui peuvent \u00eatre appr\u00e9ci\u00e9 dans les belles montagnes de Morzine et Les Gets.<\/p>\n<p>Mountain Xtra est une entreprise familiale cr\u00e9\u00e9 il y a plus de 12 ans. Nous nous engageons \u00e0 vendre des vacances d&rsquo;hiver et d&rsquo;\u00e9t\u00e9 de haute qualit\u00e9 dans les Alpes. Nous visons \u00e0 avoir des propri\u00e9t\u00e9s confortables, bien entretenues, joliment meubl\u00e9es et impeccablement propres pour tous nos vacanciers au bon prix et nous sommes fiers de faire en sorte que votre exp\u00e9rience de vacances soit aussi simple et directe que possible.<\/p>\n<p>Nous avons h\u00e2te de vous accueillir dans l&rsquo;une de nos incroyables propri\u00e9t\u00e9s.<\/p>\n<p>Bonne vacances,<\/p>\n<p><span class=\"Apple-converted-space\">\u00a0<\/span>L&rsquo;\u00e9quipe Mountain Xtra!<\/p>\n","protected":false},"excerpt":{"rendered":"Nous esp\u00e9rons que vous appr\u00e9ciez notre site web, la simplicit\u00e9 de l\u2019outil de recherche, la r\u00e9servation claire en ligne et le paiement s\u00e9curis\u00e9 par carte. Nous sommes impatients de vous accueillir bient\u00f4t dans la station.\u00a0 Nous adorons le snowboard, le VTT, la randonn\u00e9e, le ski et tout ce qui concerne les Alpes, nous avons une&#8230;","protected":false},"author":2,"featured_media":21741,"parent":0,"menu_order":0,"comment_status":"closed","ping_status":"closed","template":"template-narrow-content.php","meta":{"_acf_changed":false,"footnotes":""},"categories":[],"class_list":["post-21734","page","type-page","status-publish","has-post-thumbnail","hentry"],"acf":[],"yoast_head":"<!-- This site is optimized with the Yoast SEO plugin v24.5 - https:\/\/yoast.com\/wordpress\/plugins\/seo\/ -->\n<title>\u00c0 propos de nous - MountainXtra<\/title>\n<meta name=\"description\" content=\"Mountain Xtra est une entreprise familiale cr\u00e9\u00e9 il y a plus de 12 ans. Nous nous engageons \u00e0 vendre des vacances d&#039;hiver et d&#039;\u00e9t\u00e9 de haute qualit\u00e9 dans les Alpes.\" \/>\n<meta name=\"robots\" content=\"index, follow, max-snippet:-1, max-image-preview:large, max-video-preview:-1\" \/>\n<link rel=\"canonical\" href=\"https:\/\/mountainxtra.com\/fr\/a-propos-de-nous\/\" \/>\n<meta property=\"og:locale\" content=\"fr_FR\" \/>\n<meta property=\"og:type\" content=\"article\" \/>\n<meta property=\"og:title\" content=\"\u00c0 propos de nous - MountainXtra\" \/>\n<meta property=\"og:description\" content=\"Mountain Xtra est une entreprise familiale cr\u00e9\u00e9 il y a plus de 12 ans. Nous nous engageons \u00e0 vendre des vacances d&#039;hiver et d&#039;\u00e9t\u00e9 de haute qualit\u00e9 dans les Alpes.\" \/>\n<meta property=\"og:url\" content=\"https:\/\/mountainxtra.com\/fr\/a-propos-de-nous\/\" \/>\n<meta property=\"og:site_name\" content=\"MountainXtra\" \/>\n<meta property=\"article:publisher\" content=\"https:\/\/www.facebook.com\/mountainxtra\/\" \/>\n<meta property=\"article:modified_time\" content=\"2021-01-08T08:10:03+00:00\" \/>\n<meta property=\"og:image\" content=\"https:\/\/mountainxtra.com\/wp-content\/uploads\/2020\/01\/snowandsun.jpg\" \/>\n\t<meta property=\"og:image:width\" content=\"1900\" \/>\n\t<meta property=\"og:image:height\" content=\"1425\" \/>\n\t<meta property=\"og:image:type\" content=\"image\/jpeg\" \/>\n<meta name=\"twitter:card\" content=\"summary_large_image\" \/>\n<meta name=\"twitter:label1\" content=\"Dur\u00e9e de lecture estim\u00e9e\" \/>\n\t<meta name=\"twitter:data1\" content=\"1 minute\" \/>\n<script type=\"application\/ld+json\" class=\"yoast-schema-graph\">{\"@context\":\"https:\/\/schema.org\",\"@graph\":[{\"@type\":\"WebPage\",\"@id\":\"https:\/\/mountainxtra.com\/fr\/a-propos-de-nous\/\",\"url\":\"https:\/\/mountainxtra.com\/fr\/a-propos-de-nous\/\",\"name\":\"\u00c0 propos de nous - MountainXtra\",\"isPartOf\":{\"@id\":\"https:\/\/mountainxtra.com\/#website\"},\"primaryImageOfPage\":{\"@id\":\"https:\/\/mountainxtra.com\/fr\/a-propos-de-nous\/#primaryimage\"},\"image\":{\"@id\":\"https:\/\/mountainxtra.com\/fr\/a-propos-de-nous\/#primaryimage\"},\"thumbnailUrl\":\"https:\/\/mountainxtra.com\/wp-content\/uploads\/2020\/01\/snowandsun.jpg\",\"datePublished\":\"2013-08-13T08:14:49+00:00\",\"dateModified\":\"2021-01-08T08:10:03+00:00\",\"description\":\"Mountain Xtra est une entreprise familiale cr\u00e9\u00e9 il y a plus de 12 ans. Nous nous engageons \u00e0 vendre des vacances d'hiver et d'\u00e9t\u00e9 de haute qualit\u00e9 dans les Alpes.\",\"breadcrumb\":{\"@id\":\"https:\/\/mountainxtra.com\/fr\/a-propos-de-nous\/#breadcrumb\"},\"inLanguage\":\"fr-FR\",\"potentialAction\":[{\"@type\":\"ReadAction\",\"target\":[\"https:\/\/mountainxtra.com\/fr\/a-propos-de-nous\/\"]}]},{\"@type\":\"ImageObject\",\"inLanguage\":\"fr-FR\",\"@id\":\"https:\/\/mountainxtra.com\/fr\/a-propos-de-nous\/#primaryimage\",\"url\":\"https:\/\/mountainxtra.com\/wp-content\/uploads\/2020\/01\/snowandsun.jpg\",\"contentUrl\":\"https:\/\/mountainxtra.com\/wp-content\/uploads\/2020\/01\/snowandsun.jpg\",\"width\":1900,\"height\":1425},{\"@type\":\"BreadcrumbList\",\"@id\":\"https:\/\/mountainxtra.com\/fr\/a-propos-de-nous\/#breadcrumb\",\"itemListElement\":[{\"@type\":\"ListItem\",\"position\":1,\"name\":\"Home\",\"item\":\"https:\/\/mountainxtra.com\/fr\/\"},{\"@type\":\"ListItem\",\"position\":2,\"name\":\"\u00c0 propos de nous\"}]},{\"@type\":\"WebSite\",\"@id\":\"https:\/\/mountainxtra.com\/#website\",\"url\":\"https:\/\/mountainxtra.com\/\",\"name\":\"MountainXtra\",\"description\":\"\",\"potentialAction\":[{\"@type\":\"SearchAction\",\"target\":{\"@type\":\"EntryPoint\",\"urlTemplate\":\"https:\/\/mountainxtra.com\/?s={search_term_string}\"},\"query-input\":{\"@type\":\"PropertyValueSpecification\",\"valueRequired\":true,\"valueName\":\"search_term_string\"}}],\"inLanguage\":\"fr-FR\"}]}<\/script>\n<!-- \/ Yoast SEO plugin. -->","yoast_head_json":{"title":"\u00c0 propos de nous - MountainXtra","description":"Mountain Xtra est une entreprise familiale cr\u00e9\u00e9 il y a plus de 12 ans. Nous nous engageons \u00e0 vendre des vacances d'hiver et d'\u00e9t\u00e9 de haute qualit\u00e9 dans les Alpes.","robots":{"index":"index","follow":"follow","max-snippet":"max-snippet:-1","max-image-preview":"max-image-preview:large","max-video-preview":"max-video-preview:-1"},"canonical":"https:\/\/mountainxtra.com\/fr\/a-propos-de-nous\/","og_locale":"fr_FR","og_type":"article","og_title":"\u00c0 propos de nous - MountainXtra","og_description":"Mountain Xtra est une entreprise familiale cr\u00e9\u00e9 il y a plus de 12 ans. Nous nous engageons \u00e0 vendre des vacances d'hiver et d'\u00e9t\u00e9 de haute qualit\u00e9 dans les Alpes.","og_url":"https:\/\/mountainxtra.com\/fr\/a-propos-de-nous\/","og_site_name":"MountainXtra","article_publisher":"https:\/\/www.facebook.com\/mountainxtra\/","article_modified_time":"2021-01-08T08:10:03+00:00","og_image":[{"width":1900,"height":1425,"url":"https:\/\/mountainxtra.com\/wp-content\/uploads\/2020\/01\/snowandsun.jpg","type":"image\/jpeg"}],"twitter_card":"summary_large_image","twitter_misc":{"Dur\u00e9e de lecture estim\u00e9e":"1 minute"},"schema":{"@context":"https:\/\/schema.org","@graph":[{"@type":"WebPage","@id":"https:\/\/mountainxtra.com\/fr\/a-propos-de-nous\/","url":"https:\/\/mountainxtra.com\/fr\/a-propos-de-nous\/","name":"\u00c0 propos de nous - MountainXtra","isPartOf":{"@id":"https:\/\/mountainxtra.com\/#website"},"primaryImageOfPage":{"@id":"https:\/\/mountainxtra.com\/fr\/a-propos-de-nous\/#primaryimage"},"image":{"@id":"https:\/\/mountainxtra.com\/fr\/a-propos-de-nous\/#primaryimage"},"thumbnailUrl":"https:\/\/mountainxtra.com\/wp-content\/uploads\/2020\/01\/snowandsun.jpg","datePublished":"2013-08-13T08:14:49+00:00","dateModified":"2021-01-08T08:10:03+00:00","description":"Mountain Xtra est une entreprise familiale cr\u00e9\u00e9 il y a plus de 12 ans. Nous nous engageons \u00e0 vendre des vacances d'hiver et d'\u00e9t\u00e9 de haute qualit\u00e9 dans les Alpes.","breadcrumb":{"@id":"https:\/\/mountainxtra.com\/fr\/a-propos-de-nous\/#breadcrumb"},"inLanguage":"fr-FR","potentialAction":[{"@type":"ReadAction","target":["https:\/\/mountainxtra.com\/fr\/a-propos-de-nous\/"]}]},{"@type":"ImageObject","inLanguage":"fr-FR","@id":"https:\/\/mountainxtra.com\/fr\/a-propos-de-nous\/#primaryimage","url":"https:\/\/mountainxtra.com\/wp-content\/uploads\/2020\/01\/snowandsun.jpg","contentUrl":"https:\/\/mountainxtra.com\/wp-content\/uploads\/2020\/01\/snowandsun.jpg","width":1900,"height":1425},{"@type":"BreadcrumbList","@id":"https:\/\/mountainxtra.com\/fr\/a-propos-de-nous\/#breadcrumb","itemListElement":[{"@type":"ListItem","position":1,"name":"Home","item":"https:\/\/mountainxtra.com\/fr\/"},{"@type":"ListItem","position":2,"name":"\u00c0 propos de nous"}]},{"@type":"WebSite","@id":"https:\/\/mountainxtra.com\/#website","url":"https:\/\/mountainxtra.com\/","name":"MountainXtra","description":"","potentialAction":[{"@type":"SearchAction","target":{"@type":"EntryPoint","urlTemplate":"https:\/\/mountainxtra.com\/?s={search_term_string}"},"query-input":{"@type":"PropertyValueSpecification","valueRequired":true,"valueName":"search_term_string"}}],"inLanguage":"fr-FR"}]}},"_links":{"self":[{"href":"https:\/\/mountainxtra.com\/fr\/wp-json\/wp\/v2\/pages\/21734","targetHints":{"allow":["GET"]}}],"collection":[{"href":"https:\/\/mountainxtra.com\/fr\/wp-json\/wp\/v2\/pages"}],"about":[{"href":"https:\/\/mountainxtra.com\/fr\/wp-json\/wp\/v2\/types\/page"}],"author":[{"embeddable":true,"href":"https:\/\/mountainxtra.com\/fr\/wp-json\/wp\/v2\/users\/2"}],"replies":[{"embeddable":true,"href":"https:\/\/mountainxtra.com\/fr\/wp-json\/wp\/v2\/comments?post=21734"}],"version-history":[{"count":2,"href":"https:\/\/mountainxtra.com\/fr\/wp-json\/wp\/v2\/pages\/21734\/revisions"}],"predecessor-version":[{"id":21743,"href":"https:\/\/mountainxtra.com\/fr\/wp-json\/wp\/v2\/pages\/21734\/revisions\/21743"}],"wp:featuredmedia":[{"embeddable":true,"href":"https:\/\/mountainxtra.com\/fr\/wp-json\/wp\/v2\/media\/21741"}],"wp:attachment":[{"href":"https:\/\/mountainxtra.com\/fr\/wp-json\/wp\/v2\/media?parent=21734"}],"wp:term":[{"taxonomy":"category","embeddable":true,"href":"https:\/\/mountainxtra.com\/fr\/wp-json\/wp\/v2\/categories?post=21734"}],"curies":[{"name":"wp","href":"https:\/\/api.w.org\/{rel}","templated":true}]}}